{"id":1165,"date":"2024-11-17T10:46:32","date_gmt":"2024-11-17T10:46:32","guid":{"rendered":"https:\/\/runbikeimport.com\/?page_id=1165"},"modified":"2024-11-17T15:30:39","modified_gmt":"2024-11-17T15:30:39","slug":"entretien","status":"publish","type":"page","link":"https:\/\/runbikeimport.com\/?page_id=1165","title":{"rendered":"Entretien"},"content":{"rendered":"\n<div class=\"row\"  id=\"row-507425636\">\n\n\n\t<div id=\"col-1131777880\" class=\"col small-12 large-12\"  >\n\t\t\t\t<div class=\"col-inner\"  >\n\t\t\t\n\t\t\t\n\n<div class=\"container section-title-container\" ><h1 class=\"section-title section-title-normal\"><b><\/b><span class=\"section-title-main\" >Entretien Fourche \/ Amortisseur \/ Tige de selle<\/span><b><\/b><\/h1><\/div>\n\n<div class=\"message-box relative dark\" style=\"padding-top:35px;padding-bottom:35px;\"><div class=\"message-box-bg-image bg-fill fill\" ><\/div><div class=\"message-box-bg-overlay bg-fill fill\" ><\/div><div class=\"container relative\"><div class=\"inner last-reset\">\n\n<div class=\"row align-middle align-center\"  id=\"row-214134215\">\n\n\n\t<div id=\"col-1719860033\" class=\"col medium-9 small-12 large-9\"  >\n\t\t\t\t<div class=\"col-inner\"  >\n\t\t\t\n\t\t\t\n\n<p>Cross country, xc, marathon, all mountain, enduro, dh, freeride, dirt, chaque discipline implique un suivi m\u00e9canique de son VTT. L\u2019entretien des suspensions de votre VTT est le plus important et ne doit pas \u00eatre n\u00e9glig\u00e9. Vous prolongerez ainsi la dur\u00e9e de vie et les performances de votre fourche et amortisseur , cela peut \u00e9galement permettre de diagnostiquer un probl\u00e8me sous-jacent. Vous garderez un fonctionnement optimal de vos suspensions et garderez le sourire \u00e0 chacune de vos sorties.<\/p>\n\n\t\t<\/div>\n\t\t\t\t\t<\/div>\n\n\t\n\n\t<div id=\"col-835896293\" class=\"col medium-2 small-12 large-2\"  >\n\t\t\t\t<div class=\"col-inner text-center\"  >\n\t\t\t\n\t\t\t\n\n<a href=\"\/devis-en-ligne\" class=\"button primary is-outline\"  >\n\t\t<span>devis en ligne<\/span>\n\t<\/a>\n\n\n\n\t\t<\/div>\n\t\t\t\t\t<\/div>\n\n\t\n\n<\/div>\n\n<\/div><\/div><\/div>\n\n\t\t<\/div>\n\t\t\t\t\t<\/div>\n\n\t\n\n<\/div>\n<div class=\"row\"  id=\"row-1453748455\">\n\n\n\t<div id=\"col-383320298\" class=\"col medium-6 small-12 large-6\"  >\n\t\t\t\t<div class=\"col-inner\"  >\n\t\t\t\n\t\t\t\n\n<h2>Quelles sont les pannes \u00e9vit\u00e9es ?<\/h2>\n<ul>\n<li>Les fuites d\u2019air<\/li>\n<li>Les fuites d\u2019huile<\/li>\n<li>Les r\u00e9glages qui ne fonctionnent plus<\/li>\n<li>Le Blocage qui ne fonctionne plus<\/li>\n<li>L\u2019entr\u00e9e d\u2019impuret\u00e9s dans les parties coulissantes (bagues, plongeurs)<\/li>\n<li>Fourche dure (bain d\u2019huile des jambages \u00e0 sec \/ huile qui a perdu ses propri\u00e9t\u00e9 \/ huile souill\u00e9e)<\/li>\n<li>Trop de friction<\/li>\n<li>Les plongeurs de fourche us\u00e9s avec un traitement qui perd sa couleur .<\/li>\n<li>Craquements (T\u00e9 \/ Plongeurs \/ Pivot)<\/li>\n<li>\u00ab Stuck down \u00bb ou chambre n\u00e9gative bloqu\u00e9e =&gt; Perte de d\u00e9battement et\/ou manque de sensibit\u00e9.<\/li>\n<li>Jeu \u00e0 l\u2019avant et\/ou claquement de fourche (Bagues de guidages us\u00e9es)<\/li>\n<li>Pour les Tiges de selle (la selle de remonte plus aussi vite qu\u2019avant, affaissement de quelques cm lors de l\u2019assise , frottements internes avec coulissement difficile , commande ne fonctionne plus etc).<\/li>\n<\/ul>\n\n\t\t<\/div>\n\t\t\t\t\t<\/div>\n\n\t\n\n\t<div id=\"col-1580452815\" class=\"col medium-6 small-12 large-6\"  >\n\t\t\t\t<div class=\"col-inner\"  >\n\t\t\t\n\t\t\t\n\n\t<div class=\"img has-hover x md-x lg-x y md-y lg-y\" id=\"image_1313763311\">\n\t\t\t\t\t\t\t\t<div class=\"img-inner dark\" >\n\t\t\t<img loading=\"lazy\" decoding=\"async\" width=\"796\" height=\"1024\" src=\"https:\/\/runbikeimport.com\/wp-content\/uploads\/atelier1-796x1024.jpg\" class=\"attachment-large size-large\" alt=\"atelier1\" srcset=\"https:\/\/runbikeimport.com\/wp-content\/uploads\/atelier1-796x1024.jpg 796w, https:\/\/runbikeimport.com\/wp-content\/uploads\/atelier1-200x257.jpg 200w, https:\/\/runbikeimport.com\/wp-content\/uploads\/atelier1-233x300.jpg 233w, https:\/\/runbikeimport.com\/wp-content\/uploads\/atelier1-768x987.jpg 768w, https:\/\/runbikeimport.com\/wp-content\/uploads\/atelier1-510x656.jpg 510w, https:\/\/runbikeimport.com\/wp-content\/uploads\/atelier1.jpg 840w\" sizes=\"auto, (max-width: 796px) 100vw, 796px\" \/>\t\t\t\t\t\t\n\t\t\t\t\t<\/div>\n\t\t\t\t\t\t\t\t\n<style>\n#image_1313763311 {\n  width: 100%;\n}\n<\/style>\n\t<\/div>\n\t\n\n\n\t\t<\/div>\n\t\t\t\t\t<\/div>\n\n\t\n\n<\/div>\n<div class=\"row row-collapse row-full-width\"  id=\"row-2127056094\">\n\n\n\t<div id=\"col-1491537578\" class=\"col small-12 large-12\"  >\n\t\t\t\t<div class=\"col-inner\"  >\n\t\t\t\n\t\t\t\n\n\n\t<section class=\"section\" id=\"section_1928308982\">\n\t\t<div class=\"section-bg fill\" >\n\t\t\t\t\t\t\t\t\t\n\t\t\t\n\t<div class=\"is-border\"\n\t\tstyle=\"border-color:rgb(235, 235, 235);border-width:1px 0px 0px 0px;\">\n\t<\/div>\n\n\t\t<\/div>\n\n\t\t\t<div class=\"ux-shape-divider ux-shape-divider--top ux-shape-divider--style-curve-opacity\">\n\t\t<svg viewBox=\"0 0 1000 100\" xmlns=\"http:\/\/www.w3.org\/2000\/svg\" preserveAspectRatio=\"none\">\n\t\t<path class=\"ux-shape-fill\" opacity=\"0.15\" d=\"M0 14C0 14 88.64 17.48 300 50C560 90 814 77 1003 40L1015 68L1018 104H0V14Z\"\/>\n\t\t<path class=\"ux-shape-fill\" opacity=\"0.3\" d=\"M0 45C0 45 271 90.13 500 77C657 68 830 30 1015 14V100H0V45Z\"\/>\n\t\t<path class=\"ux-shape-fill\" d=\"M0 58C0 58 188.29 90 508 90C798 90 1002 55 1002 55V100H0V58Z\"\/>\n<\/svg>\n\t<\/div>\n\n\t<div class=\"ux-shape-divider ux-shape-divider--bottom ux-shape-divider--style-curve-opacity\">\n\t\t<svg viewBox=\"0 0 1000 100\" xmlns=\"http:\/\/www.w3.org\/2000\/svg\" preserveAspectRatio=\"none\">\n\t\t<path class=\"ux-shape-fill\" opacity=\"0.15\" d=\"M0 14C0 14 88.64 17.48 300 50C560 90 814 77 1003 40L1015 68L1018 104H0V14Z\"\/>\n\t\t<path class=\"ux-shape-fill\" opacity=\"0.3\" d=\"M0 45C0 45 271 90.13 500 77C657 68 830 30 1015 14V100H0V45Z\"\/>\n\t\t<path class=\"ux-shape-fill\" d=\"M0 58C0 58 188.29 90 508 90C798 90 1002 55 1002 55V100H0V58Z\"\/>\n<\/svg>\n\t<\/div>\n\n\t\t<div class=\"section-content relative\">\n\t\t\t\n\n<div class=\"row row-collapse\"  id=\"row-1266753572\">\n\n\n\t<div id=\"col-1961349223\" class=\"col medium-6 small-12 large-6\"  >\n\t\t\t\t<div class=\"col-inner\"  >\n\t\t\t\n\t\t\t\n\n\t<div class=\"img has-hover x md-x lg-x y md-y lg-y\" id=\"image_108971265\">\n\t\t\t\t\t\t\t\t<div class=\"img-inner dark\" >\n\t\t\t<img loading=\"lazy\" decoding=\"async\" width=\"796\" height=\"1024\" src=\"https:\/\/runbikeimport.com\/wp-content\/uploads\/atelier2-796x1024.jpg\" class=\"attachment-large size-large\" alt=\"atelier2\" srcset=\"https:\/\/runbikeimport.com\/wp-content\/uploads\/atelier2-796x1024.jpg 796w, https:\/\/runbikeimport.com\/wp-content\/uploads\/atelier2-200x257.jpg 200w, https:\/\/runbikeimport.com\/wp-content\/uploads\/atelier2-233x300.jpg 233w, https:\/\/runbikeimport.com\/wp-content\/uploads\/atelier2-768x987.jpg 768w, https:\/\/runbikeimport.com\/wp-content\/uploads\/atelier2-510x656.jpg 510w, https:\/\/runbikeimport.com\/wp-content\/uploads\/atelier2.jpg 840w\" sizes=\"auto, (max-width: 796px) 100vw, 796px\" \/>\t\t\t\t\t\t\n\t\t\t\t\t<\/div>\n\t\t\t\t\t\t\t\t\n<style>\n#image_108971265 {\n  width: 76%;\n}\n<\/style>\n\t<\/div>\n\t\n\n\n\t\t<\/div>\n\t\t\t\t\t<\/div>\n\n\t\n\n\t<div id=\"col-1052080597\" class=\"col medium-6 small-12 large-6\"  >\n\t\t\t\t<div class=\"col-inner\"  >\n\t\t\t\n\t\t\t\n\n\t<div id=\"gap-1565763944\" class=\"gap-element clearfix\" style=\"display:block; height:auto;\">\n\t\t\n<style>\n#gap-1565763944 {\n  padding-top: 106px;\n}\n<\/style>\n\t<\/div>\n\t\n\n<div class=\"container section-title-container\" ><h3 class=\"section-title section-title-normal\"><b><\/b><span class=\"section-title-main\" >Quand faut-il entretenir vos suspensions ?<\/span><b><\/b><\/h3><\/div>\n\n<p>Pour cela chaque constructeur ( FOX, ROCKSHOX, X-FUSION, BOS, MARZOCCHI, SR-SUNTOUR, DVO OHLINS CANE CREEK ) pr\u00e9conise des entretiens plus ou moins pouss\u00e9s (simple ou complet). Ces derniers se comptent en nombre d\u2019heures d\u2019utlisation et\/ou en km. Nous estimons en moyenne; 1 \u00e0 2 fois par an, 100h ou 1000\/2000km. Cela peut varier \u00e9galement selon votre r\u00e9gion, votre terrain de jeux et les conditions m\u00e9t\u00e9orologiques.<\/p>\n\n\t\t<\/div>\n\t\t\t\t\t<\/div>\n\n\t\n\n<\/div>\n\n\t\t<\/div>\n\n\t\t\n<style>\n#section_1928308982 {\n  padding-top: 60px;\n  padding-bottom: 60px;\n  min-height: 300px;\n  background-color: rgb(220, 220, 220);\n}\n#section_1928308982 .ux-shape-divider--top svg {\n  height: 150px;\n  --divider-top-width: 100%;\n}\n#section_1928308982 .ux-shape-divider--bottom svg {\n  height: 150px;\n  --divider-width: 100%;\n}\n<\/style>\n\t<\/section>\n\t\n\t<div id=\"gap-672186746\" class=\"gap-element clearfix\" style=\"display:block; height:auto;\">\n\t\t\n<style>\n#gap-672186746 {\n  padding-top: 114px;\n}\n<\/style>\n\t<\/div>\n\t\n\n\n\t\t<\/div>\n\t\t\t\t\t<\/div>\n\n\t\n\n<\/div>\n<div class=\"row\"  id=\"row-1367590687\">\n\n\n\t<div id=\"col-624225872\" class=\"col medium-6 small-12 large-6\"  >\n\t\t\t\t<div class=\"col-inner\"  >\n\t\t\t\n\t\t\t\n\n<h2>Contr\u00f4le des fonctions et inspection visuelle<\/h2>\n<ul>\n<li>D\u00e9montage de la partie AIR<\/li>\n<li>D\u00e9montage de la partie HYDRAULIQUE<\/li>\n<li>Vidange des fluides<\/li>\n<li>Nettoyage \u00e0 l\u2019alcool isopropylique ou d\u00e9graissant sp\u00e9cifique<\/li>\n<li>Inspection interne<\/li>\n<li>Remplacement des joints spis ( sauf si r\u00e9cemment chang\u00e9s ,nous effectuerons une d\u00e9duction tarifaire sur le tarif de l\u2019entretien )<\/li>\n<li>Remplacement des joints de la partie AIR<\/li>\n<li>Remplacement des joints de la partie HYDRAULIQUE<\/li>\n<li>Tirage au vide et injection de l\u2019huile \u00e0 la machine (ou manuellement selon mod\u00e8les)<\/li>\n<li>Graissage et lubrifications selon recommandations constructeur<\/li>\n<li>Gonflage \u00e0 l\u2019Azote ou Air<\/li>\n<li>V\u00e9rification des fonctions au Shock Tester Andr\u00e9ani@ et nettoyage<\/li>\n<li>Remise d\u2019un rapport d\u2019intervention<\/li>\n<\/ul>\n<a href=\"\/devis-en-ligne\" class=\"button primary\"  >\n\t\t<span>devis en ligne<\/span>\n\t<\/a>\n\n\n\n\t\t<\/div>\n\t\t\t\t\t<\/div>\n\n\t\n\n\t<div id=\"col-1585611462\" class=\"col medium-6 small-12 large-6\"  >\n\t\t\t\t<div class=\"col-inner\"  >\n\t\t\t\n\t\t\t\n\n\t<div class=\"img has-hover x md-x lg-x y md-y lg-y\" id=\"image_1572869809\">\n\t\t\t\t\t\t\t\t<div class=\"img-inner dark\" >\n\t\t\t<img loading=\"lazy\" decoding=\"async\" width=\"662\" height=\"1024\" src=\"https:\/\/runbikeimport.com\/wp-content\/uploads\/Entretienfourcheamortisseur-662x1024.jpg\" class=\"attachment-large size-large\" alt=\"Entretienfourche&amp;amortisseur\" srcset=\"https:\/\/runbikeimport.com\/wp-content\/uploads\/Entretienfourcheamortisseur-662x1024.jpg 662w, https:\/\/runbikeimport.com\/wp-content\/uploads\/Entretienfourcheamortisseur-200x309.jpg 200w, https:\/\/runbikeimport.com\/wp-content\/uploads\/Entretienfourcheamortisseur-194x300.jpg 194w, https:\/\/runbikeimport.com\/wp-content\/uploads\/Entretienfourcheamortisseur-510x789.jpg 510w, https:\/\/runbikeimport.com\/wp-content\/uploads\/Entretienfourcheamortisseur.jpg 698w\" sizes=\"auto, (max-width: 662px) 100vw, 662px\" \/>\t\t\t\t\t\t\n\t\t\t\t\t<\/div>\n\t\t\t\t\t\t\t\t\n<style>\n#image_1572869809 {\n  width: 100%;\n}\n<\/style>\n\t<\/div>\n\t\n\n\n\t\t<\/div>\n\t\t\t\t\t<\/div>\n\n\t\n\n<\/div>\n<div class=\"row\"  id=\"row-545695210\">\n\n\n\t<div id=\"col-2088324996\" class=\"col small-12 large-12\"  >\n\t\t\t\t<div class=\"col-inner\"  >\n\t\t\t\n\t\t\t\n\n<p>Un entretien de suspension r\u00e9gulier vous \u00e9vitera donc bien des soucis, d\u2019\u00e9ventuelles r\u00e9parations et de ne pas casser votre tirelire.<\/p>\n<blockquote>\n<p>\u00ab\u00a0En cas de r\u00e9paration ou autre probl\u00e8me nous vous contacterons \u00e0 r\u00e9ception de votre colis afin de vous apporter la solution, le montant et le d\u00e9lai.\u00a0\u00bb<\/p>\n<\/blockquote>\n<p>Pensez \u00e0 vos suspensions !!<\/p>\n\n\t\t<\/div>\n\t\t\t\t\t<\/div>\n\n\t\n\n<\/div>\n\n","protected":false},"excerpt":{"rendered":"","protected":false},"author":1,"featured_media":0,"parent":0,"menu_order":0,"comment_status":"closed","ping_status":"closed","template":"page-blank.php","meta":{"footnotes":""},"class_list":["post-1165","page","type-page","status-publish","hentry"],"yoast_head":"<!-- This site is optimized with the Yoast SEO plugin v27.6 - https:\/\/yoast.com\/product\/yoast-seo-wordpress\/ -->\n<title>Entretien - RunbikeImport<\/title>\n<meta name=\"robots\" content=\"index, follow, max-snippet:-1, max-image-preview:large, max-video-preview:-1\" \/>\n<link rel=\"canonical\" href=\"https:\/\/runbikeimport.com\/?page_id=1165\" \/>\n<meta property=\"og:locale\" content=\"fr_FR\" \/>\n<meta property=\"og:type\" content=\"article\" \/>\n<meta property=\"og:title\" content=\"Entretien - RunbikeImport\" \/>\n<meta property=\"og:url\" content=\"https:\/\/runbikeimport.com\/?page_id=1165\" \/>\n<meta property=\"og:site_name\" content=\"RunbikeImport\" \/>\n<meta property=\"article:publisher\" content=\"https:\/\/www.facebook.com\/Runbikeimport\/\" \/>\n<meta property=\"article:modified_time\" content=\"2024-11-17T15:30:39+00:00\" \/>\n<meta property=\"og:image\" content=\"https:\/\/runbikeimport.com\/wp-content\/uploads\/LOGO-RBI-RUN-BIKE-IMPORT300.jpg\" \/>\n\t<meta property=\"og:image:width\" content=\"300\" \/>\n\t<meta property=\"og:image:height\" content=\"131\" \/>\n\t<meta property=\"og:image:type\" content=\"image\/jpeg\" \/>\n<meta name=\"twitter:card\" content=\"summary_large_image\" \/>\n<script type=\"application\/ld+json\" class=\"yoast-schema-graph\">{\"@context\":\"https:\\\/\\\/schema.org\",\"@graph\":[{\"@type\":\"WebPage\",\"@id\":\"https:\\\/\\\/runbikeimport.com\\\/?page_id=1165\",\"url\":\"https:\\\/\\\/runbikeimport.com\\\/?page_id=1165\",\"name\":\"Entretien - RunbikeImport\",\"isPartOf\":{\"@id\":\"https:\\\/\\\/runbikeimport.com\\\/#website\"},\"datePublished\":\"2024-11-17T10:46:32+00:00\",\"dateModified\":\"2024-11-17T15:30:39+00:00\",\"breadcrumb\":{\"@id\":\"https:\\\/\\\/runbikeimport.com\\\/?page_id=1165#breadcrumb\"},\"inLanguage\":\"fr-FR\",\"potentialAction\":[{\"@type\":\"ReadAction\",\"target\":[\"https:\\\/\\\/runbikeimport.com\\\/?page_id=1165\"]}]},{\"@type\":\"BreadcrumbList\",\"@id\":\"https:\\\/\\\/runbikeimport.com\\\/?page_id=1165#breadcrumb\",\"itemListElement\":[{\"@type\":\"ListItem\",\"position\":1,\"name\":\"Accueil\",\"item\":\"https:\\\/\\\/runbikeimport.com\\\/\"},{\"@type\":\"ListItem\",\"position\":2,\"name\":\"Entretien\"}]},{\"@type\":\"WebSite\",\"@id\":\"https:\\\/\\\/runbikeimport.com\\\/#website\",\"url\":\"https:\\\/\\\/runbikeimport.com\\\/\",\"name\":\"RunbikeImport\",\"description\":\"Bike &amp; Suspensions\",\"publisher\":{\"@id\":\"https:\\\/\\\/runbikeimport.com\\\/#organization\"},\"potentialAction\":[{\"@type\":\"SearchAction\",\"target\":{\"@type\":\"EntryPoint\",\"urlTemplate\":\"https:\\\/\\\/runbikeimport.com\\\/?s={search_term_string}\"},\"query-input\":{\"@type\":\"PropertyValueSpecification\",\"valueRequired\":true,\"valueName\":\"search_term_string\"}}],\"inLanguage\":\"fr-FR\"},{\"@type\":\"Organization\",\"@id\":\"https:\\\/\\\/runbikeimport.com\\\/#organization\",\"name\":\"RunBikeiMport\",\"url\":\"https:\\\/\\\/runbikeimport.com\\\/\",\"logo\":{\"@type\":\"ImageObject\",\"inLanguage\":\"fr-FR\",\"@id\":\"https:\\\/\\\/runbikeimport.com\\\/#\\\/schema\\\/logo\\\/image\\\/\",\"url\":\"https:\\\/\\\/runbikeimport.com\\\/wp-content\\\/uploads\\\/LOGO-RBI-RUN-BIKE-IMPORT300.jpg\",\"contentUrl\":\"https:\\\/\\\/runbikeimport.com\\\/wp-content\\\/uploads\\\/LOGO-RBI-RUN-BIKE-IMPORT300.jpg\",\"width\":300,\"height\":131,\"caption\":\"RunBikeiMport\"},\"image\":{\"@id\":\"https:\\\/\\\/runbikeimport.com\\\/#\\\/schema\\\/logo\\\/image\\\/\"},\"sameAs\":[\"https:\\\/\\\/www.facebook.com\\\/Runbikeimport\\\/\",\"https:\\\/\\\/www.instagram.com\\\/runbikeimport\\\/\"]}]}<\/script>\n<!-- \/ Yoast SEO plugin. -->","yoast_head_json":{"title":"Entretien - RunbikeImport","robots":{"index":"index","follow":"follow","max-snippet":"max-snippet:-1","max-image-preview":"max-image-preview:large","max-video-preview":"max-video-preview:-1"},"canonical":"https:\/\/runbikeimport.com\/?page_id=1165","og_locale":"fr_FR","og_type":"article","og_title":"Entretien - RunbikeImport","og_url":"https:\/\/runbikeimport.com\/?page_id=1165","og_site_name":"RunbikeImport","article_publisher":"https:\/\/www.facebook.com\/Runbikeimport\/","article_modified_time":"2024-11-17T15:30:39+00:00","og_image":[{"width":300,"height":131,"url":"https:\/\/runbikeimport.com\/wp-content\/uploads\/LOGO-RBI-RUN-BIKE-IMPORT300.jpg","type":"image\/jpeg"}],"twitter_card":"summary_large_image","schema":{"@context":"https:\/\/schema.org","@graph":[{"@type":"WebPage","@id":"https:\/\/runbikeimport.com\/?page_id=1165","url":"https:\/\/runbikeimport.com\/?page_id=1165","name":"Entretien - RunbikeImport","isPartOf":{"@id":"https:\/\/runbikeimport.com\/#website"},"datePublished":"2024-11-17T10:46:32+00:00","dateModified":"2024-11-17T15:30:39+00:00","breadcrumb":{"@id":"https:\/\/runbikeimport.com\/?page_id=1165#breadcrumb"},"inLanguage":"fr-FR","potentialAction":[{"@type":"ReadAction","target":["https:\/\/runbikeimport.com\/?page_id=1165"]}]},{"@type":"BreadcrumbList","@id":"https:\/\/runbikeimport.com\/?page_id=1165#breadcrumb","itemListElement":[{"@type":"ListItem","position":1,"name":"Accueil","item":"https:\/\/runbikeimport.com\/"},{"@type":"ListItem","position":2,"name":"Entretien"}]},{"@type":"WebSite","@id":"https:\/\/runbikeimport.com\/#website","url":"https:\/\/runbikeimport.com\/","name":"RunbikeImport","description":"Bike &amp; Suspensions","publisher":{"@id":"https:\/\/runbikeimport.com\/#organization"},"potentialAction":[{"@type":"SearchAction","target":{"@type":"EntryPoint","urlTemplate":"https:\/\/runbikeimport.com\/?s={search_term_string}"},"query-input":{"@type":"PropertyValueSpecification","valueRequired":true,"valueName":"search_term_string"}}],"inLanguage":"fr-FR"},{"@type":"Organization","@id":"https:\/\/runbikeimport.com\/#organization","name":"RunBikeiMport","url":"https:\/\/runbikeimport.com\/","logo":{"@type":"ImageObject","inLanguage":"fr-FR","@id":"https:\/\/runbikeimport.com\/#\/schema\/logo\/image\/","url":"https:\/\/runbikeimport.com\/wp-content\/uploads\/LOGO-RBI-RUN-BIKE-IMPORT300.jpg","contentUrl":"https:\/\/runbikeimport.com\/wp-content\/uploads\/LOGO-RBI-RUN-BIKE-IMPORT300.jpg","width":300,"height":131,"caption":"RunBikeiMport"},"image":{"@id":"https:\/\/runbikeimport.com\/#\/schema\/logo\/image\/"},"sameAs":["https:\/\/www.facebook.com\/Runbikeimport\/","https:\/\/www.instagram.com\/runbikeimport\/"]}]}},"_links":{"self":[{"href":"https:\/\/runbikeimport.com\/index.php?rest_route=\/wp\/v2\/pages\/1165","targetHints":{"allow":["GET"]}}],"collection":[{"href":"https:\/\/runbikeimport.com\/index.php?rest_route=\/wp\/v2\/pages"}],"about":[{"href":"https:\/\/runbikeimport.com\/index.php?rest_route=\/wp\/v2\/types\/page"}],"author":[{"embeddable":true,"href":"https:\/\/runbikeimport.com\/index.php?rest_route=\/wp\/v2\/users\/1"}],"replies":[{"embeddable":true,"href":"https:\/\/runbikeimport.com\/index.php?rest_route=%2Fwp%2Fv2%2Fcomments&post=1165"}],"version-history":[{"count":15,"href":"https:\/\/runbikeimport.com\/index.php?rest_route=\/wp\/v2\/pages\/1165\/revisions"}],"predecessor-version":[{"id":1246,"href":"https:\/\/runbikeimport.com\/index.php?rest_route=\/wp\/v2\/pages\/1165\/revisions\/1246"}],"wp:attachment":[{"href":"https:\/\/runbikeimport.com\/index.php?rest_route=%2Fwp%2Fv2%2Fmedia&parent=1165"}],"curies":[{"name":"wp","href":"https:\/\/api.w.org\/{rel}","templated":true}]}}