{"id":1179,"date":"2024-11-17T11:15:32","date_gmt":"2024-11-17T11:15:32","guid":{"rendered":"https:\/\/runbikeimport.com\/?page_id=1179"},"modified":"2024-11-17T15:28:57","modified_gmt":"2024-11-17T15:28:57","slug":"optimisation-fourche-amortisseur","status":"publish","type":"page","link":"https:\/\/runbikeimport.com\/?page_id=1179","title":{"rendered":"Optimisation :Fourche\/ Amortisseur"},"content":{"rendered":"\n<div class=\"row\"  id=\"row-17936145\">\n\n\n\t<div id=\"col-102039956\" class=\"col small-12 large-12\"  >\n\t\t\t\t<div class=\"col-inner\"  >\n\t\t\t\n\t\t\t\n\n<div class=\"container section-title-container\" ><h1 class=\"section-title section-title-normal\"><b><\/b><span class=\"section-title-main\" >Optimisation : Fourche\/ Amortisseur<\/span><b><\/b><\/h1><\/div>\n\n<div class=\"row\"  id=\"row-282938425\">\n\n\n\t<div id=\"col-373646787\" class=\"col medium-6 small-12 large-6\"  >\n\t\t\t\t<div class=\"col-inner\"  >\n\t\t\t\n\t\t\t\n\n\t<div class=\"img has-hover x md-x lg-x y md-y lg-y\" id=\"image_428242642\">\n\t\t\t\t\t\t\t\t<div class=\"img-inner dark\" >\n\t\t\t<img loading=\"lazy\" decoding=\"async\" width=\"527\" height=\"752\" src=\"https:\/\/runbikeimport.com\/wp-content\/uploads\/entretienfourche1-e1731842384102.jpg\" class=\"attachment-original size-original\" alt=\"entretienfourche1\" srcset=\"https:\/\/runbikeimport.com\/wp-content\/uploads\/entretienfourche1-e1731842384102.jpg 527w, https:\/\/runbikeimport.com\/wp-content\/uploads\/entretienfourche1-e1731842384102-200x285.jpg 200w, https:\/\/runbikeimport.com\/wp-content\/uploads\/entretienfourche1-e1731842384102-210x300.jpg 210w, https:\/\/runbikeimport.com\/wp-content\/uploads\/entretienfourche1-e1731842384102-510x728.jpg 510w\" sizes=\"auto, (max-width: 527px) 100vw, 527px\" \/>\t\t\t\t\t\t\n\t\t\t\t\t<\/div>\n\t\t\t\t\t\t\t\t\n<style>\n#image_428242642 {\n  width: 100%;\n}\n<\/style>\n\t<\/div>\n\t\n\n\n\t\t<\/div>\n\t\t\t\t\t<\/div>\n\n\t\n\n\t<div id=\"col-661262716\" class=\"col medium-6 small-12 large-6\"  >\n\t\t\t\t<div class=\"col-inner\"  >\n\t\t\t\n\t\t\t\n\n<div class=\"elementor-element elementor-element-41d1394 elementor-widget elementor-widget-text-editor\" data-id=\"41d1394\" data-element_type=\"widget\" data-widget_type=\"text-editor.default\">\n<div class=\"elementor-widget-container\">\n<div class=\"elementor-text-editor elementor-clearfix\">\n<h2>L\u2019optimisation passe par 3 phases :<\/h2>\n<\/div>\n<\/div>\n<\/div>\n<div class=\"elementor-element elementor-element-8d8b90c elementor-widget elementor-widget-heading\" data-id=\"8d8b90c\" data-element_type=\"widget\" data-widget_type=\"heading.default\">\n<div class=\"elementor-widget-container\">\n<h3 class=\"elementor-heading-title elementor-size-default\">Le travail sur l&rsquo;hydraulique, la fonction amorti.\u00a0<\/h3>\n<\/div>\n<\/div>\n<div class=\"elementor-element elementor-element-c71b6d9 elementor-widget elementor-widget-text-editor\" data-id=\"c71b6d9\" data-element_type=\"widget\" data-widget_type=\"text-editor.default\">\n<div class=\"elementor-widget-container\">\n<div class=\"elementor-text-editor elementor-clearfix\">\n<p>En fonction du pilote , de sa pratique et de la cin\u00e9matique de son v\u00e9lo, nous installons une clapeterie personnalis\u00e9e &amp; choisissons L\u2019huile la mieux adapt\u00e9e .<\/p>\n<p>Il est important pour nous de cibler ce que vous recherchez comme comportement ou de ce que vous souhaitez Am\u00e9liorer\/Corriger sur le fonctionnement.<\/p>\n<\/div>\n<\/div>\n<\/div>\n<div class=\"elementor-element elementor-element-0ac89cc elementor-widget elementor-widget-heading\" data-id=\"0ac89cc\" data-element_type=\"widget\" data-widget_type=\"heading.default\">\n<div class=\"elementor-widget-container\">\n<h2 class=\"elementor-heading-title elementor-size-default\">Le travail sur le ressort, la fonction suspension.<\/h2>\n<\/div>\n<\/div>\n<div class=\"elementor-element elementor-element-9ed88cc elementor-widget elementor-widget-text-editor\" data-id=\"9ed88cc\" data-element_type=\"widget\" data-widget_type=\"text-editor.default\">\n<div class=\"elementor-widget-container\">\n<div class=\"elementor-text-editor elementor-clearfix\">\n<p>Quand le ressort est \u00e0 air, nous travaillerons l\u2019ajustement des volumes pneumatiques des 2 chambres en rapport avec l\u2019\u00e9volution de raideur que donne le ch\u00e2ssis.<br \/>Des Kits upgrades Type @Vorsprungsuspension peuvent \u00eatre install\u00e9s en Option.<br \/>Quand le ressort est de type h\u00e9lico\u00efdal (spirales) nous pouvons modifier la duret\u00e9 du ressort, sa course, le type de ressort ou sa pr\u00e9-charge selon les mod\u00e8les.<\/p>\n<\/div>\n<\/div>\n<\/div>\n<div class=\"elementor-element elementor-element-13ba392 elementor-widget elementor-widget-heading\" data-id=\"13ba392\" data-element_type=\"widget\" data-widget_type=\"heading.default\">\n<div class=\"elementor-widget-container\">\n<h2 class=\"elementor-heading-title elementor-size-default\">Le travail sur les Frictions<\/h2>\n<\/div>\n<\/div>\n<div class=\"elementor-element elementor-element-2d53d15 elementor-widget elementor-widget-text-editor\" data-id=\"2d53d15\" data-element_type=\"widget\" data-widget_type=\"text-editor.default\">\n<div class=\"elementor-widget-container\">\n<div class=\"elementor-text-editor elementor-clearfix\">Param\u00e8tre Essentiel d\u2019un bon fonctionnement, la friction est un facteur pouvant parasiter le travail d\u2019une suspension. La pose de joints SPI performants, l\u2019installation de mousse de qualit\u00e9, et le redimensionnement des bagues de guidage avec L\u2019outil sp\u00e9cifique permet d\u2019avoir un coulissement OPTIMAL respectant les normes constructeurs.<\/div>\n<\/div>\n<\/div>\n\t<div id=\"gap-519892843\" class=\"gap-element clearfix\" style=\"display:block; height:auto;\">\n\t\t\n<style>\n#gap-519892843 {\n  padding-top: 32px;\n}\n<\/style>\n\t<\/div>\n\t\n\n<a href=\"\/devis-en-ligne\" class=\"button primary\"  >\n\t\t<span>devis en ligne<\/span>\n\t<\/a>\n\n\n\n\t\t<\/div>\n\t\t\t\t\t<\/div>\n\n\t\n\n<\/div>\n\n\t\t<\/div>\n\t\t\t\t\t<\/div>\n\n\t\n\n<\/div>\n\n","protected":false},"excerpt":{"rendered":"","protected":false},"author":1,"featured_media":0,"parent":0,"menu_order":0,"comment_status":"closed","ping_status":"closed","template":"","meta":{"footnotes":""},"class_list":["post-1179","page","type-page","status-publish","hentry"],"yoast_head":"<!-- This site is optimized with the Yoast SEO plugin v27.6 - https:\/\/yoast.com\/product\/yoast-seo-wordpress\/ -->\n<title>Optimisation :Fourche\/ Amortisseur - RunbikeImport<\/title>\n<meta name=\"robots\" content=\"index, follow, max-snippet:-1, max-image-preview:large, max-video-preview:-1\" \/>\n<link rel=\"canonical\" href=\"https:\/\/runbikeimport.com\/?page_id=1179\" \/>\n<meta property=\"og:locale\" content=\"fr_FR\" \/>\n<meta property=\"og:type\" content=\"article\" \/>\n<meta property=\"og:title\" content=\"Optimisation :Fourche\/ Amortisseur - RunbikeImport\" \/>\n<meta property=\"og:url\" content=\"https:\/\/runbikeimport.com\/?page_id=1179\" \/>\n<meta property=\"og:site_name\" content=\"RunbikeImport\" \/>\n<meta property=\"article:publisher\" content=\"https:\/\/www.facebook.com\/Runbikeimport\/\" \/>\n<meta property=\"article:modified_time\" content=\"2024-11-17T15:28:57+00:00\" \/>\n<meta property=\"og:image\" content=\"https:\/\/runbikeimport.com\/wp-content\/uploads\/LOGO-RBI-RUN-BIKE-IMPORT300.jpg\" \/>\n\t<meta property=\"og:image:width\" content=\"300\" \/>\n\t<meta property=\"og:image:height\" content=\"131\" \/>\n\t<meta property=\"og:image:type\" content=\"image\/jpeg\" \/>\n<meta name=\"twitter:card\" content=\"summary_large_image\" \/>\n<script type=\"application\/ld+json\" class=\"yoast-schema-graph\">{\"@context\":\"https:\\\/\\\/schema.org\",\"@graph\":[{\"@type\":\"WebPage\",\"@id\":\"https:\\\/\\\/runbikeimport.com\\\/?page_id=1179\",\"url\":\"https:\\\/\\\/runbikeimport.com\\\/?page_id=1179\",\"name\":\"Optimisation :Fourche\\\/ Amortisseur - RunbikeImport\",\"isPartOf\":{\"@id\":\"https:\\\/\\\/runbikeimport.com\\\/#website\"},\"datePublished\":\"2024-11-17T11:15:32+00:00\",\"dateModified\":\"2024-11-17T15:28:57+00:00\",\"breadcrumb\":{\"@id\":\"https:\\\/\\\/runbikeimport.com\\\/?page_id=1179#breadcrumb\"},\"inLanguage\":\"fr-FR\",\"potentialAction\":[{\"@type\":\"ReadAction\",\"target\":[\"https:\\\/\\\/runbikeimport.com\\\/?page_id=1179\"]}]},{\"@type\":\"BreadcrumbList\",\"@id\":\"https:\\\/\\\/runbikeimport.com\\\/?page_id=1179#breadcrumb\",\"itemListElement\":[{\"@type\":\"ListItem\",\"position\":1,\"name\":\"Accueil\",\"item\":\"https:\\\/\\\/runbikeimport.com\\\/\"},{\"@type\":\"ListItem\",\"position\":2,\"name\":\"Optimisation :Fourche\\\/ Amortisseur\"}]},{\"@type\":\"WebSite\",\"@id\":\"https:\\\/\\\/runbikeimport.com\\\/#website\",\"url\":\"https:\\\/\\\/runbikeimport.com\\\/\",\"name\":\"RunbikeImport\",\"description\":\"Bike &amp; Suspensions\",\"publisher\":{\"@id\":\"https:\\\/\\\/runbikeimport.com\\\/#organization\"},\"potentialAction\":[{\"@type\":\"SearchAction\",\"target\":{\"@type\":\"EntryPoint\",\"urlTemplate\":\"https:\\\/\\\/runbikeimport.com\\\/?s={search_term_string}\"},\"query-input\":{\"@type\":\"PropertyValueSpecification\",\"valueRequired\":true,\"valueName\":\"search_term_string\"}}],\"inLanguage\":\"fr-FR\"},{\"@type\":\"Organization\",\"@id\":\"https:\\\/\\\/runbikeimport.com\\\/#organization\",\"name\":\"RunBikeiMport\",\"url\":\"https:\\\/\\\/runbikeimport.com\\\/\",\"logo\":{\"@type\":\"ImageObject\",\"inLanguage\":\"fr-FR\",\"@id\":\"https:\\\/\\\/runbikeimport.com\\\/#\\\/schema\\\/logo\\\/image\\\/\",\"url\":\"https:\\\/\\\/runbikeimport.com\\\/wp-content\\\/uploads\\\/LOGO-RBI-RUN-BIKE-IMPORT300.jpg\",\"contentUrl\":\"https:\\\/\\\/runbikeimport.com\\\/wp-content\\\/uploads\\\/LOGO-RBI-RUN-BIKE-IMPORT300.jpg\",\"width\":300,\"height\":131,\"caption\":\"RunBikeiMport\"},\"image\":{\"@id\":\"https:\\\/\\\/runbikeimport.com\\\/#\\\/schema\\\/logo\\\/image\\\/\"},\"sameAs\":[\"https:\\\/\\\/www.facebook.com\\\/Runbikeimport\\\/\",\"https:\\\/\\\/www.instagram.com\\\/runbikeimport\\\/\"]}]}<\/script>\n<!-- \/ Yoast SEO plugin. -->","yoast_head_json":{"title":"Optimisation :Fourche\/ Amortisseur - RunbikeImport","robots":{"index":"index","follow":"follow","max-snippet":"max-snippet:-1","max-image-preview":"max-image-preview:large","max-video-preview":"max-video-preview:-1"},"canonical":"https:\/\/runbikeimport.com\/?page_id=1179","og_locale":"fr_FR","og_type":"article","og_title":"Optimisation :Fourche\/ Amortisseur - RunbikeImport","og_url":"https:\/\/runbikeimport.com\/?page_id=1179","og_site_name":"RunbikeImport","article_publisher":"https:\/\/www.facebook.com\/Runbikeimport\/","article_modified_time":"2024-11-17T15:28:57+00:00","og_image":[{"width":300,"height":131,"url":"https:\/\/runbikeimport.com\/wp-content\/uploads\/LOGO-RBI-RUN-BIKE-IMPORT300.jpg","type":"image\/jpeg"}],"twitter_card":"summary_large_image","schema":{"@context":"https:\/\/schema.org","@graph":[{"@type":"WebPage","@id":"https:\/\/runbikeimport.com\/?page_id=1179","url":"https:\/\/runbikeimport.com\/?page_id=1179","name":"Optimisation :Fourche\/ Amortisseur - RunbikeImport","isPartOf":{"@id":"https:\/\/runbikeimport.com\/#website"},"datePublished":"2024-11-17T11:15:32+00:00","dateModified":"2024-11-17T15:28:57+00:00","breadcrumb":{"@id":"https:\/\/runbikeimport.com\/?page_id=1179#breadcrumb"},"inLanguage":"fr-FR","potentialAction":[{"@type":"ReadAction","target":["https:\/\/runbikeimport.com\/?page_id=1179"]}]},{"@type":"BreadcrumbList","@id":"https:\/\/runbikeimport.com\/?page_id=1179#breadcrumb","itemListElement":[{"@type":"ListItem","position":1,"name":"Accueil","item":"https:\/\/runbikeimport.com\/"},{"@type":"ListItem","position":2,"name":"Optimisation :Fourche\/ Amortisseur"}]},{"@type":"WebSite","@id":"https:\/\/runbikeimport.com\/#website","url":"https:\/\/runbikeimport.com\/","name":"RunbikeImport","description":"Bike &amp; Suspensions","publisher":{"@id":"https:\/\/runbikeimport.com\/#organization"},"potentialAction":[{"@type":"SearchAction","target":{"@type":"EntryPoint","urlTemplate":"https:\/\/runbikeimport.com\/?s={search_term_string}"},"query-input":{"@type":"PropertyValueSpecification","valueRequired":true,"valueName":"search_term_string"}}],"inLanguage":"fr-FR"},{"@type":"Organization","@id":"https:\/\/runbikeimport.com\/#organization","name":"RunBikeiMport","url":"https:\/\/runbikeimport.com\/","logo":{"@type":"ImageObject","inLanguage":"fr-FR","@id":"https:\/\/runbikeimport.com\/#\/schema\/logo\/image\/","url":"https:\/\/runbikeimport.com\/wp-content\/uploads\/LOGO-RBI-RUN-BIKE-IMPORT300.jpg","contentUrl":"https:\/\/runbikeimport.com\/wp-content\/uploads\/LOGO-RBI-RUN-BIKE-IMPORT300.jpg","width":300,"height":131,"caption":"RunBikeiMport"},"image":{"@id":"https:\/\/runbikeimport.com\/#\/schema\/logo\/image\/"},"sameAs":["https:\/\/www.facebook.com\/Runbikeimport\/","https:\/\/www.instagram.com\/runbikeimport\/"]}]}},"_links":{"self":[{"href":"https:\/\/runbikeimport.com\/index.php?rest_route=\/wp\/v2\/pages\/1179","targetHints":{"allow":["GET"]}}],"collection":[{"href":"https:\/\/runbikeimport.com\/index.php?rest_route=\/wp\/v2\/pages"}],"about":[{"href":"https:\/\/runbikeimport.com\/index.php?rest_route=\/wp\/v2\/types\/page"}],"author":[{"embeddable":true,"href":"https:\/\/runbikeimport.com\/index.php?rest_route=\/wp\/v2\/users\/1"}],"replies":[{"embeddable":true,"href":"https:\/\/runbikeimport.com\/index.php?rest_route=%2Fwp%2Fv2%2Fcomments&post=1179"}],"version-history":[{"count":6,"href":"https:\/\/runbikeimport.com\/index.php?rest_route=\/wp\/v2\/pages\/1179\/revisions"}],"predecessor-version":[{"id":1243,"href":"https:\/\/runbikeimport.com\/index.php?rest_route=\/wp\/v2\/pages\/1179\/revisions\/1243"}],"wp:attachment":[{"href":"https:\/\/runbikeimport.com\/index.php?rest_route=%2Fwp%2Fv2%2Fmedia&parent=1179"}],"curies":[{"name":"wp","href":"https:\/\/api.w.org\/{rel}","templated":true}]}}