{"id":22,"date":"2020-11-02T20:13:13","date_gmt":"2020-11-02T20:13:13","guid":{"rendered":"https:\/\/runbikeimport.com\/?page_id=22"},"modified":"2024-11-17T13:38:25","modified_gmt":"2024-11-17T13:38:25","slug":"produits","status":"publish","type":"page","link":"https:\/\/runbikeimport.com\/?page_id=22","title":{"rendered":"Produits"},"content":{"rendered":"\n\n\t<section class=\"section has-parallax\" id=\"section_327126373\">\n\t\t<div class=\"section-bg fill\" data-parallax-container=\".section\" data-parallax-background data-parallax=\"-3\">\n\t\t\t<img loading=\"lazy\" decoding=\"async\" width=\"1936\" height=\"1067\" src=\"https:\/\/runbikeimport.com\/wp-content\/uploads\/hd6.jpg\" class=\"bg attachment- size-\" alt=\"\" \/>\t\t\t\t\t\t<div class=\"section-bg-overlay absolute fill\"><\/div>\n\t\t\t\n\t<div class=\"is-border\"\n\t\tstyle=\"border-color:rgb(235, 235, 235);border-width:1px 0px 0px 0px;\">\n\t<\/div>\n\n\t\t<\/div>\n\n\t\t\n\n\t\t<div class=\"section-content relative\">\n\t\t\t\n\n<div class=\"row\"  id=\"row-742810974\">\n\n\n\t<div id=\"col-937727114\" class=\"col small-12 large-12\"  >\n\t\t\t\t<div class=\"col-inner dark\"  >\n\t\t\t\n\t\t\t\n\n<div class=\"container section-title-container\" ><h1 class=\"section-title section-title-normal\"><b><\/b><span class=\"section-title-main\" >Nos Produits - Les VTT<\/span><b><\/b><\/h1><\/div>\n\n<p>Tous nos v\u00e9los sont mont\u00e9s avec pr\u00e9cision et soin dans notre atelier m\u00e9canique , vous r\u00e9cup\u00e9rez un v\u00e9lo adapt\u00e9 et r\u00e9gl\u00e9 qui vous correspond\u00a0 au mieux tant sur la position de pilotage que du r\u00e9glage des suspensions .<br \/>Les VTT de chez RBI b\u00e9n\u00e9ficient :<\/p>\n<ul>\n<li>d&rsquo;un serrage au couple respectant les normes du fabricant<\/li>\n<li>d&rsquo;un ajustement des longueurs\u00a0 des gaines ( freins , tds , transmission etc )<\/li>\n<li>d&rsquo;un montage des roues en tubeless avec pr\u00e9ventif de qualit\u00e9<\/li>\n<li>d&rsquo;un r\u00e9glage de transmission optimal<\/li>\n<li>du montage des vis et axes au frein filet et\/ou \u00e0 la graisse quand n\u00e9cessaire<\/li>\n<li>de la protection du cadre et de la fourche sur les parties expos\u00e9es.<\/li>\n<li>du r\u00e9glage des suspensions afin d&rsquo;avoir un v\u00e9lo \u00e9quilibr\u00e9 et adapt\u00e9 \u00e0 votre pilotage\u00a0<\/li>\n<\/ul>\n<p>Acheter son v\u00e9lo chez nous , c&rsquo;est l&rsquo;assurance d&rsquo;avoir un VTT ajust\u00e9 pour vous\u00a0 et pr\u00eat \u00e0 affronter le terrain local.<\/p>\n<a class=\"button primary\"  >\n\t\t<span>devis en ligne<\/span>\n\t<\/a>\n\n\n\n\t\t<\/div>\n\t\t\t\t\t<\/div>\n\n\t\n\n<\/div>\n\n\t\t<\/div>\n\n\t\t\n<style>\n#section_327126373 {\n  padding-top: 60px;\n  padding-bottom: 60px;\n  min-height: 300px;\n  background-color: rgb(245, 245, 245);\n}\n#section_327126373 .section-bg-overlay {\n  background-color: rgba(0, 0, 0, 0.5);\n}\n#section_327126373 .section-bg img {\n  object-position: 0 0;\n}\n<\/style>\n\t<\/section>\n\t\n<div class=\"row\"  id=\"row-106278335\">\n\n\n\t<div id=\"col-1339911742\" class=\"col small-12 large-12\"  >\n\t\t\t\t<div class=\"col-inner\"  >\n\t\t\t\n\t\t\t\n\n<div class=\"row row-full-width\"  id=\"row-342445690\">\n\n\n\t<div id=\"col-242974428\" class=\"col small-12 large-12\"  >\n\t\t\t\t<div class=\"col-inner\"  >\n\t\t\t\n\t\t\t\n\n<div class=\"slider-wrapper relative\" id=\"slider-1676146159\" >\n    <div class=\"slider slider-nav-dots-simple slider-nav-simple slider-nav-normal slider-nav-dark slider-style-normal slider-show-nav\"\n        data-flickity-options='{\n            \"cellAlign\": \"center\",\n            \"imagesLoaded\": true,\n            \"lazyLoad\": 1,\n            \"freeScroll\": true,\n            \"wrapAround\": true,\n            \"autoPlay\": 1500,\n            \"pauseAutoPlayOnHover\" : false,\n            \"prevNextButtons\": true,\n            \"contain\" : true,\n            \"adaptiveHeight\" : true,\n            \"dragThreshold\" : 10,\n            \"percentPosition\": true,\n            \"pageDots\": false,\n            \"rightToLeft\": false,\n            \"draggable\": true,\n            \"selectedAttraction\": 0.1,\n            \"parallax\" : 0,\n            \"friction\": 0.6        }'\n        >\n        \n\n<div class=\"ux-logo has-hover align-middle ux_logo inline-block\" style=\"max-width: 100%!important; width: 230px!important\"><div class=\"ux-logo-link block image-\" title=\"Marzocchi\" href=\"\" style=\"padding: 15px;\"><img decoding=\"async\" src=\"https:\/\/runbikeimport.com\/wp-content\/uploads\/rocky-mountain-NB.jpg\" title=\"Marzocchi\" alt=\"Marzocchi\" class=\"ux-logo-image block\" style=\"height:100px;\" \/><\/div><\/div>\n\n<div class=\"ux-logo has-hover align-middle ux_logo inline-block\" style=\"max-width: 100%!important; width: 230px!important\"><div class=\"ux-logo-link block image-\" title=\"Andreani\" href=\"\" style=\"padding: 15px;\"><img decoding=\"async\" src=\"https:\/\/runbikeimport.com\/wp-content\/uploads\/ibis.jpg\" title=\"Andreani\" alt=\"Andreani\" class=\"ux-logo-image block\" style=\"height:100px;\" \/><\/div><\/div>\n\n<div class=\"ux-logo has-hover align-middle ux_logo inline-block\" style=\"max-width: 100%!important; width: 230px!important\"><div class=\"ux-logo-link block image-\" title=\"X1 Racing\" href=\"\" style=\"padding: 15px;\"><img decoding=\"async\" src=\"https:\/\/runbikeimport.com\/wp-content\/uploads\/transition.jpg\" title=\"X1 Racing\" alt=\"X1 Racing\" class=\"ux-logo-image block\" style=\"height:100px;\" \/><\/div><\/div>\n\n<div class=\"ux-logo has-hover align-middle ux_logo inline-block\" style=\"max-width: 100%!important; width: 230px!important\"><div class=\"ux-logo-link block image-\" title=\"X1 Racing\" href=\"\" style=\"padding: 15px;\"><img decoding=\"async\" src=\"https:\/\/runbikeimport.com\/wp-content\/uploads\/yeti.jpg\" title=\"X1 Racing\" alt=\"X1 Racing\" class=\"ux-logo-image block\" style=\"height:100px;\" \/><\/div><\/div>\n\n<div class=\"ux-logo has-hover align-middle ux_logo inline-block\" style=\"max-width: 100%!important; width: 230px!important\"><div class=\"ux-logo-link block image-\" title=\"X1 Racing\" href=\"\" style=\"padding: 15px;\"><img decoding=\"async\" src=\"https:\/\/runbikeimport.com\/wp-content\/uploads\/LogoRondo3.jpg\" title=\"X1 Racing\" alt=\"X1 Racing\" class=\"ux-logo-image block\" style=\"height:100px;\" \/><\/div><\/div>\n\n<div class=\"ux-logo has-hover align-middle ux_logo inline-block\" style=\"max-width: 100%!important; width: 230px!important\"><div class=\"ux-logo-link block image-\" title=\"X1 Racing\" href=\"\" style=\"padding: 15px;\"><img decoding=\"async\" src=\"https:\/\/runbikeimport.com\/wp-content\/uploads\/evil.jpg\" title=\"X1 Racing\" alt=\"X1 Racing\" class=\"ux-logo-image block\" style=\"height:100px;\" \/><\/div><\/div>\n\n\n     <\/div>\n\n     <div class=\"loading-spin dark large centered\"><\/div>\n\n\t<\/div>\n\n\n\n\t\t<\/div>\n\t\t\t\t\t<\/div>\n\n\t\n\n<\/div>\n\n\t\t<\/div>\n\t\t\t\t\t<\/div>\n\n\t\n\n<\/div>\n<div class=\"row row-collapse row-full-width\"  id=\"row-1140633955\">\n\n\n\t<div id=\"col-1318871188\" class=\"col small-12 large-12\"  >\n\t\t\t\t<div class=\"col-inner\"  >\n\t\t\t\n\t\t\t\n\n\n\t<section class=\"section\" id=\"section_1931787176\">\n\t\t<div class=\"section-bg fill\" >\n\t\t\t<img loading=\"lazy\" decoding=\"async\" width=\"1588\" height=\"1059\" src=\"https:\/\/runbikeimport.com\/wp-content\/uploads\/formation-fox-tribe-sport.jpg\" class=\"bg attachment- size-\" alt=\"\" \/>\t\t\t\t\t\t<div class=\"section-bg-overlay absolute fill\"><\/div>\n\t\t\t\n\t<div class=\"is-border\"\n\t\tstyle=\"border-color:rgb(235, 235, 235);border-width:1px 0px 0px 0px;\">\n\t<\/div>\n\n\t\t<\/div>\n\n\t\t\n\n\t\t<div class=\"section-content relative\">\n\t\t\t\n\n<div class=\"row row-collapse\"  id=\"row-1434578322\">\n\n\n\t<div id=\"col-373433682\" class=\"col medium-10 small-12 large-10\"  >\n\t\t\t\t<div class=\"col-inner dark\"  >\n\t\t\t\n\t\t\t\n\n<div class=\"container section-title-container\" ><h2 class=\"section-title section-title-normal\"><b><\/b><span class=\"section-title-main\" >Les suspensions<\/span><b><\/b><\/h2><\/div>\n\n<p>Form\u00e9 chez deux c\u00e9l\u00e8bres fabricants de suspensions au niveau mondial, nous avons fait le choix de vous proposer prioritairement ces marques FOX &amp; OHLINS. D&rsquo;autres partenariats sont en cours.<\/p>\n<a class=\"button primary\"  >\n\t\t<span>devis en ligne<\/span>\n\t<\/a>\n\n\n\n\t\t<\/div>\n\t\t\t\t\t<\/div>\n\n\t\n\n<\/div>\n\n\t\t<\/div>\n\n\t\t\n<style>\n#section_1931787176 {\n  padding-top: 60px;\n  padding-bottom: 60px;\n  min-height: 300px;\n  background-color: rgb(245, 245, 245);\n}\n#section_1931787176 .section-bg-overlay {\n  background-color: rgba(0, 0, 0, 0.581);\n}\n<\/style>\n\t<\/section>\n\t\n\t<div id=\"gap-1280742981\" class=\"gap-element clearfix\" style=\"display:block; height:auto;\">\n\t\t\n<style>\n#gap-1280742981 {\n  padding-top: 50px;\n}\n<\/style>\n\t<\/div>\n\t\n\n\n\t\t<\/div>\n\t\t\t\t\t<\/div>\n\n\t\n\n<\/div>\n<div class=\"row\"  id=\"row-613029495\">\n\n\n\t<div id=\"col-923746512\" class=\"col small-12 large-12\"  >\n\t\t\t\t<div class=\"col-inner\"  >\n\t\t\t\n\t\t\t\n\n<div class=\"row row-collapse\"  id=\"row-421075008\">\n\n\n\t<div id=\"col-1049055267\" class=\"col small-12 large-12\"  >\n\t\t\t\t<div class=\"col-inner\"  >\n\t\t\t\n\t\t\t\n\n<div class=\"container section-title-container\" ><h3 class=\"section-title section-title-center\"><b><\/b><span class=\"section-title-main\" >Equipement et composants<\/span><b><\/b><\/h3><\/div>\n\n\t<div id=\"text-2647248289\" class=\"text\">\n\t\t\n\n<p>D\u00e9couvrez nos catalogues en ligne pour explorer une s\u00e9lection vari\u00e9e de produits issus de nos marques partenaires. Ces catalogues (liste non exhaustive) vous permettent de consulter les tarifs et de choisir les articles qui r\u00e9pondent \u00e0 vos besoins. Pour passer commande, il vous suffit de nous contacter directement \u2013 nous sommes \u00e0 votre disposition pour vous accompagner dans votre achat.<\/p>\n\t\t\n<style>\n#text-2647248289 {\n  text-align: center;\n}\n<\/style>\n\t<\/div>\n\t\n<div class=\"row row-collapse\"  id=\"row-22020055\">\n\n\n\t<div id=\"col-1754527088\" class=\"col medium-4 small-12 large-4\"  >\n\t\t\t\t<div class=\"col-inner text-center\"  >\n\t\t\t\n\t\t\t\n\n\t<div class=\"img has-hover x md-x lg-x y md-y lg-y\" id=\"image_604238548\">\n\t\t<a class=\"\" href=\"https:\/\/indd.adobe.com\/view\/005f6ff1-f25b-4781-83cb-a29842f6790c\" target=\"_blank\" rel=\"noopener\" >\t\t\t\t\t\t<div class=\"img-inner dark\" >\n\t\t\t<img loading=\"lazy\" decoding=\"async\" width=\"200\" height=\"100\" src=\"https:\/\/runbikeimport.com\/wp-content\/uploads\/tribesportgroup-btoc-logo-14978607944.jpg\" class=\"attachment-large size-large\" alt=\"tribesportgroup-btoc-logo-14978607944\" \/>\t\t\t\t\t\t\n\t\t\t\t\t<\/div>\n\t\t\t\t\t\t<\/a>\t\t\n<style>\n#image_604238548 {\n  width: 45%;\n}\n<\/style>\n\t<\/div>\n\t\n\n\n\t\t<\/div>\n\t\t\t\t\t<\/div>\n\n\t\n\n\t<div id=\"col-1523581687\" class=\"col medium-4 small-12 large-4\"  >\n\t\t\t\t<div class=\"col-inner text-center\"  >\n\t\t\t\n\t\t\t\n\n\t<div class=\"img has-hover x md-x lg-x y md-y lg-y\" id=\"image_1733079647\">\n\t\t<a class=\"\" href=\"https:\/\/indd.adobe.com\/view\/005f6ff1-f25b-4781-83cb-a29842f6790c\" target=\"_blank\" rel=\"noopener\" >\t\t\t\t\t\t<div class=\"img-inner dark\" >\n\t\t\t<img loading=\"lazy\" decoding=\"async\" width=\"200\" height=\"100\" src=\"https:\/\/runbikeimport.com\/wp-content\/uploads\/racecompany.jpg\" class=\"attachment-large size-large\" alt=\"racecompany\" \/>\t\t\t\t\t\t\n\t\t\t\t\t<\/div>\n\t\t\t\t\t\t<\/a>\t\t\n<style>\n#image_1733079647 {\n  width: 48%;\n}\n<\/style>\n\t<\/div>\n\t\n\n\n\t\t<\/div>\n\t\t\t\t\t<\/div>\n\n\t\n\n\t<div id=\"col-918479238\" class=\"col medium-4 small-12 large-4\"  >\n\t\t\t\t<div class=\"col-inner text-center\"  >\n\t\t\t\n\t\t\t\n\n\t<div class=\"img has-hover x md-x lg-x y md-y lg-y\" id=\"image_854628238\">\n\t\t<a class=\"\" href=\"https:\/\/indd.adobe.com\/view\/005f6ff1-f25b-4781-83cb-a29842f6790c\" target=\"_blank\" rel=\"noopener\" >\t\t\t\t\t\t<div class=\"img-inner dark\" >\n\t\t\t<img loading=\"lazy\" decoding=\"async\" width=\"400\" height=\"200\" src=\"https:\/\/runbikeimport.com\/wp-content\/uploads\/Logomohawkscycles2.jpg\" class=\"attachment-large size-large\" alt=\"Logomohawkscycles2\" srcset=\"https:\/\/runbikeimport.com\/wp-content\/uploads\/Logomohawkscycles2.jpg 400w, https:\/\/runbikeimport.com\/wp-content\/uploads\/Logomohawkscycles2-200x100.jpg 200w, https:\/\/runbikeimport.com\/wp-content\/uploads\/Logomohawkscycles2-300x150.jpg 300w\" sizes=\"auto, (max-width: 400px) 100vw, 400px\" \/>\t\t\t\t\t\t\n\t\t\t\t\t<\/div>\n\t\t\t\t\t\t<\/a>\t\t\n<style>\n#image_854628238 {\n  width: 57%;\n}\n<\/style>\n\t<\/div>\n\t\n\n\n\t\t<\/div>\n\t\t\t\t\t<\/div>\n\n\t\n\n<\/div>\n\n\t\t<\/div>\n\t\t\t\t\t<\/div>\n\n\t\n\n<\/div>\n\n\t\t<\/div>\n\t\t\t\t\t<\/div>\n\n\t\n\n<\/div>\n\n\t<section class=\"section has-parallax\" id=\"section_1922486155\">\n\t\t<div class=\"section-bg fill\" data-parallax-container=\".section\" data-parallax-background data-parallax=\"-3\">\n\t\t\t<img loading=\"lazy\" decoding=\"async\" width=\"2000\" height=\"1333\" src=\"https:\/\/runbikeimport.com\/wp-content\/uploads\/237624400_4210639865650047_5709182761381063561_n-1.jpg\" class=\"bg attachment- size-\" alt=\"\" \/>\t\t\t\t\t\t<div class=\"section-bg-overlay absolute fill\"><\/div>\n\t\t\t\n\t<div class=\"is-border\"\n\t\tstyle=\"border-color:rgb(235, 235, 235);border-width:1px 0px 0px 0px;\">\n\t<\/div>\n\n\t\t<\/div>\n\n\t\t\t<div class=\"ux-shape-divider ux-shape-divider--top ux-shape-divider--style-arrow\">\n\t\t<svg viewBox=\"0 0 1000 100\" xmlns=\"http:\/\/www.w3.org\/2000\/svg\" preserveAspectRatio=\"none\">\n\t<path class=\"ux-shape-fill\" d=\"M1000 100H0L0 96H483L500 79L517 96H1000V100Z\"\/>\n<\/svg>\n\t<\/div>\n\n\n\t\t<div class=\"section-content relative\">\n\t\t\t\n\n<div class=\"row row-collapse\"  id=\"row-1611610886\">\n\n\n\t<div id=\"col-486678012\" class=\"col small-12 large-12\"  >\n\t\t\t\t<div class=\"col-inner dark\"  >\n\t\t\t\n\t\t\t\n\n\t<div id=\"gap-1514653214\" class=\"gap-element clearfix\" style=\"display:block; height:auto;\">\n\t\t\n<style>\n#gap-1514653214 {\n  padding-top: 43px;\n}\n<\/style>\n\t<\/div>\n\t\n\n<div class=\"container section-title-container\" ><h2 class=\"section-title section-title-normal\"><b><\/b><span class=\"section-title-main\" >comment \u00e7a marche<\/span><b><\/b><\/h2><\/div>\n\n<div class=\"row\"  id=\"row-1734155665\">\n\n\n\t<div id=\"col-1591876262\" class=\"col medium-4 small-12 large-4\"  >\n\t\t\t\t<div class=\"col-inner dark\"  >\n\t\t\t\n\t\t\t\n\n<div class=\"container section-title-container\" ><h3 class=\"section-title section-title-normal\"><b><\/b><span class=\"section-title-main\" >1. Recherche du produit<\/span><b><\/b><\/h3><\/div>\n\n<p>Explorez nos catalogues en cliquant sur les logos des marques ou visitez directement notre boutique en ligne pour les produits en stock.<\/p>\n\n\t\t<\/div>\n\t\t\t\t\t<\/div>\n\n\t\n\n\t<div id=\"col-288955491\" class=\"col medium-4 small-12 large-4\"  >\n\t\t\t\t<div class=\"col-inner\"  >\n\t\t\t\n\t\t\t\n\n<div class=\"container section-title-container\" ><h3 class=\"section-title section-title-normal\"><b><\/b><span class=\"section-title-main\" >2. Contact ou ajout au panier<\/span><b><\/b><\/h3><\/div>\n\n<p>Contactez <strong>Run Bike Import<\/strong> pour v\u00e9rifier la disponibilit\u00e9 et les d\u00e9lais des produits non list\u00e9s en boutique. Si le produit est disponible en ligne, ajoutez-le \u00e0 votre panier pour passer commande.<\/p>\n\n\t\t<\/div>\n\t\t\t\t\t<\/div>\n\n\t\n\n\t<div id=\"col-1178352812\" class=\"col medium-4 small-12 large-4\"  >\n\t\t\t\t<div class=\"col-inner\"  >\n\t\t\t\n\t\t\t\n\n<div class=\"container section-title-container\" ><h3 class=\"section-title section-title-normal\"><b><\/b><span class=\"section-title-main\" >3. R\u00e9cup\u00e9ration de votre commande<\/span><b><\/b><\/h3><\/div>\n\n<p>Une fois votre commande valid\u00e9e, nous vous contacterons pour convenir d\u2019une date de retrait de votre marchandise.<\/p>\n\n\t\t<\/div>\n\t\t\t\t\t<\/div>\n\n\t\n\n<\/div>\n\n\t\t<\/div>\n\t\t\t\t\t<\/div>\n\n\t\n\n<\/div>\n\n\t\t<\/div>\n\n\t\t\n<style>\n#section_1922486155 {\n  padding-top: 60px;\n  padding-bottom: 60px;\n  min-height: 300px;\n  background-color: rgb(245, 245, 245);\n}\n#section_1922486155 .section-bg-overlay {\n  background-color: rgba(0, 0, 0, 0.64);\n}\n#section_1922486155 .ux-shape-divider--top svg {\n  height: 150px;\n  --divider-top-width: 100%;\n}\n<\/style>\n\t<\/section>\n\t\n<div class=\"row\"  id=\"row-1299421342\">\n\n\n\t<div id=\"col-1732646924\" class=\"col small-12 large-12\"  >\n\t\t\t\t<div class=\"col-inner\"  >\n\t\t\t\n\t\t\t\n\n<div class=\"row row-collapse\"  id=\"row-1811862301\">\n\n\n\t<div id=\"col-1904498281\" class=\"col small-12 large-12\"  >\n\t\t\t\t<div class=\"col-inner text-center\"  >\n\t\t\t\n\t\t\t\n\n<div class=\"container section-title-container\" ><h3 class=\"section-title section-title-center\"><b><\/b><span class=\"section-title-main\" >voir nos produits<\/span><b><\/b><\/h3><\/div>\n\n\t<div id=\"text-3192351548\" class=\"text\">\n\t\t\n\n<p>Explorez notre boutique en ligne et d\u00e9couvrez une large gamme de produits disponibles directement sur notre site. Notre web shop vous permet de consulter les d\u00e9tails, les tarifs, et de commander facilement les articles qui correspondent \u00e0 vos besoins. Simplifiez vos achats en ligne avec une exp\u00e9rience rapide et intuitive.<\/p>\n\t\t\n<style>\n#text-3192351548 {\n  text-align: center;\n}\n<\/style>\n\t<\/div>\n\t\n<a class=\"button primary\"  >\n\t\t<span>boutique<\/span>\n\t<\/a>\n\n\n\n\t\t<\/div>\n\t\t\t\t\t<\/div>\n\n\t\n\n<\/div>\n\t<div id=\"gap-1077480650\" class=\"gap-element clearfix\" style=\"display:block; height:auto;\">\n\t\t\n<style>\n#gap-1077480650 {\n  padding-top: 50px;\n}\n<\/style>\n\t<\/div>\n\t\n\n\n\t\t<\/div>\n\t\t\t\t\t<\/div>\n\n\t\n\n<\/div>\n\t<div id=\"gap-1280204076\" class=\"gap-element clearfix\" style=\"display:block; height:auto;\">\n\t\t\n<style>\n#gap-1280204076 {\n  padding-top: 57px;\n}\n<\/style>\n\t<\/div>\n\t\n\n\t<div id=\"gap-359504701\" class=\"gap-element clearfix\" style=\"display:block; height:auto;\">\n\t\t\n<style>\n#gap-359504701 {\n  padding-top: 30px;\n}\n<\/style>\n\t<\/div>\n\t\n\n\n","protected":false},"excerpt":{"rendered":"","protected":false},"author":3,"featured_media":0,"parent":0,"menu_order":0,"comment_status":"closed","ping_status":"closed","template":"page-blank.php","meta":{"footnotes":""},"class_list":["post-22","page","type-page","status-publish","hentry"],"yoast_head":"<!-- This site is optimized with the Yoast SEO plugin v27.6 - https:\/\/yoast.com\/product\/yoast-seo-wordpress\/ -->\n<title>RunBikeImport | Vente de v\u00e9los Haut de gamme \u00e0 La R\u00e9union<\/title>\n<meta name=\"description\" content=\"Commander vos v\u00e9los Yeti, RockyMountain, Ibis, Transition, Evil bikes, Rondo. Livraison rapide \u00e0 La R\u00e9union.\" \/>\n<meta name=\"robots\" content=\"index, follow, max-snippet:-1, max-image-preview:large, max-video-preview:-1\" \/>\n<link rel=\"canonical\" href=\"https:\/\/runbikeimport.com\/?page_id=22\" \/>\n<meta property=\"og:locale\" content=\"fr_FR\" \/>\n<meta property=\"og:type\" content=\"article\" \/>\n<meta property=\"og:title\" content=\"RunBikeImport | Vente de v\u00e9los Haut de gamme \u00e0 La R\u00e9union\" \/>\n<meta property=\"og:description\" content=\"Commander vos v\u00e9los Yeti, RockyMountain, Ibis, Transition, Evil bikes, Rondo. Livraison rapide \u00e0 La R\u00e9union.\" \/>\n<meta property=\"og:url\" content=\"https:\/\/runbikeimport.com\/?page_id=22\" \/>\n<meta property=\"og:site_name\" content=\"RunbikeImport\" \/>\n<meta property=\"article:publisher\" content=\"https:\/\/www.facebook.com\/Runbikeimport\/\" \/>\n<meta property=\"article:modified_time\" content=\"2024-11-17T13:38:25+00:00\" \/>\n<meta property=\"og:image\" content=\"https:\/\/runbikeimport.com\/wp-content\/uploads\/LOGO-RBI-RUN-BIKE-IMPORT300.jpg\" \/>\n\t<meta property=\"og:image:width\" content=\"300\" \/>\n\t<meta property=\"og:image:height\" content=\"131\" \/>\n\t<meta property=\"og:image:type\" content=\"image\/jpeg\" \/>\n<meta name=\"twitter:card\" content=\"summary_large_image\" \/>\n<meta name=\"twitter:label1\" content=\"Dur\u00e9e de lecture estim\u00e9e\" \/>\n\t<meta name=\"twitter:data1\" content=\"4 minutes\" \/>\n<script type=\"application\/ld+json\" class=\"yoast-schema-graph\">{\"@context\":\"https:\\\/\\\/schema.org\",\"@graph\":[{\"@type\":\"WebPage\",\"@id\":\"https:\\\/\\\/runbikeimport.com\\\/?page_id=22\",\"url\":\"https:\\\/\\\/runbikeimport.com\\\/?page_id=22\",\"name\":\"RunBikeImport | Vente de v\u00e9los Haut de gamme \u00e0 La R\u00e9union\",\"isPartOf\":{\"@id\":\"https:\\\/\\\/runbikeimport.com\\\/#website\"},\"datePublished\":\"2020-11-02T20:13:13+00:00\",\"dateModified\":\"2024-11-17T13:38:25+00:00\",\"description\":\"Commander vos v\u00e9los Yeti, RockyMountain, Ibis, Transition, Evil bikes, Rondo. Livraison rapide \u00e0 La R\u00e9union.\",\"breadcrumb\":{\"@id\":\"https:\\\/\\\/runbikeimport.com\\\/?page_id=22#breadcrumb\"},\"inLanguage\":\"fr-FR\",\"potentialAction\":[{\"@type\":\"ReadAction\",\"target\":[\"https:\\\/\\\/runbikeimport.com\\\/?page_id=22\"]}]},{\"@type\":\"BreadcrumbList\",\"@id\":\"https:\\\/\\\/runbikeimport.com\\\/?page_id=22#breadcrumb\",\"itemListElement\":[{\"@type\":\"ListItem\",\"position\":1,\"name\":\"Accueil\",\"item\":\"https:\\\/\\\/runbikeimport.com\\\/\"},{\"@type\":\"ListItem\",\"position\":2,\"name\":\"Produits\"}]},{\"@type\":\"WebSite\",\"@id\":\"https:\\\/\\\/runbikeimport.com\\\/#website\",\"url\":\"https:\\\/\\\/runbikeimport.com\\\/\",\"name\":\"RunbikeImport\",\"description\":\"Bike &amp; Suspensions\",\"publisher\":{\"@id\":\"https:\\\/\\\/runbikeimport.com\\\/#organization\"},\"potentialAction\":[{\"@type\":\"SearchAction\",\"target\":{\"@type\":\"EntryPoint\",\"urlTemplate\":\"https:\\\/\\\/runbikeimport.com\\\/?s={search_term_string}\"},\"query-input\":{\"@type\":\"PropertyValueSpecification\",\"valueRequired\":true,\"valueName\":\"search_term_string\"}}],\"inLanguage\":\"fr-FR\"},{\"@type\":\"Organization\",\"@id\":\"https:\\\/\\\/runbikeimport.com\\\/#organization\",\"name\":\"RunBikeiMport\",\"url\":\"https:\\\/\\\/runbikeimport.com\\\/\",\"logo\":{\"@type\":\"ImageObject\",\"inLanguage\":\"fr-FR\",\"@id\":\"https:\\\/\\\/runbikeimport.com\\\/#\\\/schema\\\/logo\\\/image\\\/\",\"url\":\"https:\\\/\\\/runbikeimport.com\\\/wp-content\\\/uploads\\\/LOGO-RBI-RUN-BIKE-IMPORT300.jpg\",\"contentUrl\":\"https:\\\/\\\/runbikeimport.com\\\/wp-content\\\/uploads\\\/LOGO-RBI-RUN-BIKE-IMPORT300.jpg\",\"width\":300,\"height\":131,\"caption\":\"RunBikeiMport\"},\"image\":{\"@id\":\"https:\\\/\\\/runbikeimport.com\\\/#\\\/schema\\\/logo\\\/image\\\/\"},\"sameAs\":[\"https:\\\/\\\/www.facebook.com\\\/Runbikeimport\\\/\",\"https:\\\/\\\/www.instagram.com\\\/runbikeimport\\\/\"]}]}<\/script>\n<!-- \/ Yoast SEO plugin. -->","yoast_head_json":{"title":"RunBikeImport | Vente de v\u00e9los Haut de gamme \u00e0 La R\u00e9union","description":"Commander vos v\u00e9los Yeti, RockyMountain, Ibis, Transition, Evil bikes, Rondo. Livraison rapide \u00e0 La R\u00e9union.","robots":{"index":"index","follow":"follow","max-snippet":"max-snippet:-1","max-image-preview":"max-image-preview:large","max-video-preview":"max-video-preview:-1"},"canonical":"https:\/\/runbikeimport.com\/?page_id=22","og_locale":"fr_FR","og_type":"article","og_title":"RunBikeImport | Vente de v\u00e9los Haut de gamme \u00e0 La R\u00e9union","og_description":"Commander vos v\u00e9los Yeti, RockyMountain, Ibis, Transition, Evil bikes, Rondo. Livraison rapide \u00e0 La R\u00e9union.","og_url":"https:\/\/runbikeimport.com\/?page_id=22","og_site_name":"RunbikeImport","article_publisher":"https:\/\/www.facebook.com\/Runbikeimport\/","article_modified_time":"2024-11-17T13:38:25+00:00","og_image":[{"width":300,"height":131,"url":"https:\/\/runbikeimport.com\/wp-content\/uploads\/LOGO-RBI-RUN-BIKE-IMPORT300.jpg","type":"image\/jpeg"}],"twitter_card":"summary_large_image","twitter_misc":{"Dur\u00e9e de lecture estim\u00e9e":"4 minutes"},"schema":{"@context":"https:\/\/schema.org","@graph":[{"@type":"WebPage","@id":"https:\/\/runbikeimport.com\/?page_id=22","url":"https:\/\/runbikeimport.com\/?page_id=22","name":"RunBikeImport | Vente de v\u00e9los Haut de gamme \u00e0 La R\u00e9union","isPartOf":{"@id":"https:\/\/runbikeimport.com\/#website"},"datePublished":"2020-11-02T20:13:13+00:00","dateModified":"2024-11-17T13:38:25+00:00","description":"Commander vos v\u00e9los Yeti, RockyMountain, Ibis, Transition, Evil bikes, Rondo. Livraison rapide \u00e0 La R\u00e9union.","breadcrumb":{"@id":"https:\/\/runbikeimport.com\/?page_id=22#breadcrumb"},"inLanguage":"fr-FR","potentialAction":[{"@type":"ReadAction","target":["https:\/\/runbikeimport.com\/?page_id=22"]}]},{"@type":"BreadcrumbList","@id":"https:\/\/runbikeimport.com\/?page_id=22#breadcrumb","itemListElement":[{"@type":"ListItem","position":1,"name":"Accueil","item":"https:\/\/runbikeimport.com\/"},{"@type":"ListItem","position":2,"name":"Produits"}]},{"@type":"WebSite","@id":"https:\/\/runbikeimport.com\/#website","url":"https:\/\/runbikeimport.com\/","name":"RunbikeImport","description":"Bike &amp; Suspensions","publisher":{"@id":"https:\/\/runbikeimport.com\/#organization"},"potentialAction":[{"@type":"SearchAction","target":{"@type":"EntryPoint","urlTemplate":"https:\/\/runbikeimport.com\/?s={search_term_string}"},"query-input":{"@type":"PropertyValueSpecification","valueRequired":true,"valueName":"search_term_string"}}],"inLanguage":"fr-FR"},{"@type":"Organization","@id":"https:\/\/runbikeimport.com\/#organization","name":"RunBikeiMport","url":"https:\/\/runbikeimport.com\/","logo":{"@type":"ImageObject","inLanguage":"fr-FR","@id":"https:\/\/runbikeimport.com\/#\/schema\/logo\/image\/","url":"https:\/\/runbikeimport.com\/wp-content\/uploads\/LOGO-RBI-RUN-BIKE-IMPORT300.jpg","contentUrl":"https:\/\/runbikeimport.com\/wp-content\/uploads\/LOGO-RBI-RUN-BIKE-IMPORT300.jpg","width":300,"height":131,"caption":"RunBikeiMport"},"image":{"@id":"https:\/\/runbikeimport.com\/#\/schema\/logo\/image\/"},"sameAs":["https:\/\/www.facebook.com\/Runbikeimport\/","https:\/\/www.instagram.com\/runbikeimport\/"]}]}},"_links":{"self":[{"href":"https:\/\/runbikeimport.com\/index.php?rest_route=\/wp\/v2\/pages\/22","targetHints":{"allow":["GET"]}}],"collection":[{"href":"https:\/\/runbikeimport.com\/index.php?rest_route=\/wp\/v2\/pages"}],"about":[{"href":"https:\/\/runbikeimport.com\/index.php?rest_route=\/wp\/v2\/types\/page"}],"author":[{"embeddable":true,"href":"https:\/\/runbikeimport.com\/index.php?rest_route=\/wp\/v2\/users\/3"}],"replies":[{"embeddable":true,"href":"https:\/\/runbikeimport.com\/index.php?rest_route=%2Fwp%2Fv2%2Fcomments&post=22"}],"version-history":[{"count":110,"href":"https:\/\/runbikeimport.com\/index.php?rest_route=\/wp\/v2\/pages\/22\/revisions"}],"predecessor-version":[{"id":1223,"href":"https:\/\/runbikeimport.com\/index.php?rest_route=\/wp\/v2\/pages\/22\/revisions\/1223"}],"wp:attachment":[{"href":"https:\/\/runbikeimport.com\/index.php?rest_route=%2Fwp%2Fv2%2Fmedia&parent=22"}],"curies":[{"name":"wp","href":"https:\/\/api.w.org\/{rel}","templated":true}]}}