{"id":25,"date":"2020-11-02T20:14:10","date_gmt":"2020-11-02T20:14:10","guid":{"rendered":"https:\/\/runbikeimport.com\/?page_id=25"},"modified":"2024-11-17T13:45:37","modified_gmt":"2024-11-17T13:45:37","slug":"a-propos","status":"publish","type":"page","link":"https:\/\/runbikeimport.com\/?page_id=25","title":{"rendered":"A propos"},"content":{"rendered":"\n<div class=\"row\"  id=\"row-1038160592\">\n\n\n\t<div id=\"col-1230798793\" class=\"col small-12 large-12\"  >\n\t\t\t\t<div class=\"col-inner\"  >\n\t\t\t\n\t\t\t\n\n<div class=\"container section-title-container\" ><h1 class=\"section-title section-title-normal\"><b><\/b><span class=\"section-title-main\" >A propos<\/span><b><\/b><\/h1><\/div>\n\n<h3><strong>RBI Suspension : Votre service local d\u2019excellence pour l\u2019entretien et l\u2019optimisation de vos suspensions VTT<\/strong><\/h3>\n<p>Chez <strong>Run Bike Import Suspension<\/strong>, nous vous offrons un service professionnel et local d\u2019entretien hydraulique de qualit\u00e9, sans avoir \u00e0 exp\u00e9dier votre mat\u00e9riel hors du d\u00e9partement. Finis les d\u00e9lais d\u2019acheminement longs, co\u00fbteux et fastidieux !<\/p>\n<p>Que vos suspensions n\u00e9cessitent un <strong>entretien<\/strong>, une <strong>r\u00e9paration<\/strong> conforme aux normes constructeur, ou une <strong>optimisation sur-mesure<\/strong> adapt\u00e9e \u00e0 vos besoins, vous pouvez compter sur <strong>Dorian<\/strong>, rider passionn\u00e9 et technicien exp\u00e9riment\u00e9. Form\u00e9 par <strong>FOX Racing Suspension<\/strong> et <strong>\u00d6HLINS France<\/strong>, Dorian met tout son savoir-faire au service de vos suspensions pour vous permettre d\u2019affronter les sentiers les plus exigeants de La R\u00e9union.<\/p>\n\n\t\t<\/div>\n\t\t\t\t\t<\/div>\n\n\t\n\n<\/div>\n  <div class=\"banner-grid-wrapper\">\n  <div id=\"banner-grid-2132323463\" class=\"banner-grid row row-grid row-small\" data-packery-options=\"\">\n                      \n\n<div class=\"col grid-col large-6 grid-col-2-3\" ><div class=\"col-inner\">\n\n\t<div class=\"img has-hover x md-x lg-x y md-y lg-y\" id=\"image_1057553870\">\n\t\t\t\t\t\t\t\t<div class=\"img-inner dark\" >\n\t\t\t<img loading=\"lazy\" decoding=\"async\" width=\"1020\" height=\"668\" src=\"https:\/\/runbikeimport.com\/wp-content\/uploads\/Ibis-Ripley-AF-Ridden-Reviewed-1024x671.jpg\" class=\"attachment-large size-large\" alt=\"\" srcset=\"https:\/\/runbikeimport.com\/wp-content\/uploads\/Ibis-Ripley-AF-Ridden-Reviewed-1024x671.jpg 1024w, https:\/\/runbikeimport.com\/wp-content\/uploads\/Ibis-Ripley-AF-Ridden-Reviewed-200x131.jpg 200w, https:\/\/runbikeimport.com\/wp-content\/uploads\/Ibis-Ripley-AF-Ridden-Reviewed-300x197.jpg 300w, https:\/\/runbikeimport.com\/wp-content\/uploads\/Ibis-Ripley-AF-Ridden-Reviewed-768x503.jpg 768w, https:\/\/runbikeimport.com\/wp-content\/uploads\/Ibis-Ripley-AF-Ridden-Reviewed-1536x1006.jpg 1536w, https:\/\/runbikeimport.com\/wp-content\/uploads\/Ibis-Ripley-AF-Ridden-Reviewed-510x334.jpg 510w, https:\/\/runbikeimport.com\/wp-content\/uploads\/Ibis-Ripley-AF-Ridden-Reviewed.jpg 1920w\" sizes=\"auto, (max-width: 1020px) 100vw, 1020px\" \/>\t\t\t\t\t\t\n\t\t\t\t\t<\/div>\n\t\t\t\t\t\t\t\t\n<style>\n#image_1057553870 {\n  width: 100%;\n}\n<\/style>\n\t<\/div>\n\t\n\n\n<\/div><\/div>\n<div class=\"col grid-col large-6 grid-col-1-2\" ><div class=\"col-inner\">\n\n\t<div class=\"img has-hover x md-x lg-x y md-y lg-y\" id=\"image_1640839096\">\n\t\t\t\t\t\t\t\t<div class=\"img-inner dark\" >\n\t\t\t<img loading=\"lazy\" decoding=\"async\" width=\"1020\" height=\"679\" src=\"https:\/\/runbikeimport.com\/wp-content\/uploads\/174218802_3850541568326547_8190019952422062168_n-1024x682.jpg\" class=\"attachment-large size-large\" alt=\"\" srcset=\"https:\/\/runbikeimport.com\/wp-content\/uploads\/174218802_3850541568326547_8190019952422062168_n-1024x682.jpg 1024w, https:\/\/runbikeimport.com\/wp-content\/uploads\/174218802_3850541568326547_8190019952422062168_n-200x133.jpg 200w, https:\/\/runbikeimport.com\/wp-content\/uploads\/174218802_3850541568326547_8190019952422062168_n-300x200.jpg 300w, https:\/\/runbikeimport.com\/wp-content\/uploads\/174218802_3850541568326547_8190019952422062168_n-768x512.jpg 768w, https:\/\/runbikeimport.com\/wp-content\/uploads\/174218802_3850541568326547_8190019952422062168_n-1536x1024.jpg 1536w, https:\/\/runbikeimport.com\/wp-content\/uploads\/174218802_3850541568326547_8190019952422062168_n-510x340.jpg 510w, https:\/\/runbikeimport.com\/wp-content\/uploads\/174218802_3850541568326547_8190019952422062168_n.jpg 2000w\" sizes=\"auto, (max-width: 1020px) 100vw, 1020px\" \/>\t\t\t\t\t\t\n\t\t\t\t\t<\/div>\n\t\t\t\t\t\t\t\t\n<style>\n#image_1640839096 {\n  width: 100%;\n}\n<\/style>\n\t<\/div>\n\t\n\n\n<\/div><\/div>\n<div class=\"col grid-col large-3 grid-col-1-2\" ><div class=\"col-inner\">\n\n\t<div class=\"img has-hover x md-x lg-x y md-y lg-y\" id=\"image_363160599\">\n\t\t\t\t\t\t\t\t<div class=\"img-inner dark\" >\n\t\t\t<img loading=\"lazy\" decoding=\"async\" width=\"449\" height=\"800\" src=\"https:\/\/runbikeimport.com\/wp-content\/uploads\/p4pb15760852.jpg\" class=\"attachment-large size-large\" alt=\"\" srcset=\"https:\/\/runbikeimport.com\/wp-content\/uploads\/p4pb15760852.jpg 449w, https:\/\/runbikeimport.com\/wp-content\/uploads\/p4pb15760852-200x356.jpg 200w, https:\/\/runbikeimport.com\/wp-content\/uploads\/p4pb15760852-168x300.jpg 168w\" sizes=\"auto, (max-width: 449px) 100vw, 449px\" \/>\t\t\t\t\t\t\n\t\t\t\t\t<\/div>\n\t\t\t\t\t\t\t\t\n<style>\n#image_363160599 {\n  width: 100%;\n}\n<\/style>\n\t<\/div>\n\t\n\n\n<\/div><\/div>\n<div class=\"col grid-col large-3 grid-col-1-2\" ><div class=\"col-inner\">\n\n\t<div class=\"img has-hover x md-x lg-x y md-y lg-y\" id=\"image_1051862948\">\n\t\t\t\t\t\t\t\t<div class=\"img-inner dark\" >\n\t\t\t<img loading=\"lazy\" decoding=\"async\" width=\"1020\" height=\"680\" src=\"https:\/\/runbikeimport.com\/wp-content\/uploads\/ripmo-af-gx-weight-ibis-eagle-review-rundown-fanatik-bike-co-blog-control-for-women-1024x683.jpg\" class=\"attachment-large size-large\" alt=\"\" srcset=\"https:\/\/runbikeimport.com\/wp-content\/uploads\/ripmo-af-gx-weight-ibis-eagle-review-rundown-fanatik-bike-co-blog-control-for-women-1024x683.jpg 1024w, https:\/\/runbikeimport.com\/wp-content\/uploads\/ripmo-af-gx-weight-ibis-eagle-review-rundown-fanatik-bike-co-blog-control-for-women-200x133.jpg 200w, https:\/\/runbikeimport.com\/wp-content\/uploads\/ripmo-af-gx-weight-ibis-eagle-review-rundown-fanatik-bike-co-blog-control-for-women-300x200.jpg 300w, https:\/\/runbikeimport.com\/wp-content\/uploads\/ripmo-af-gx-weight-ibis-eagle-review-rundown-fanatik-bike-co-blog-control-for-women-768x513.jpg 768w, https:\/\/runbikeimport.com\/wp-content\/uploads\/ripmo-af-gx-weight-ibis-eagle-review-rundown-fanatik-bike-co-blog-control-for-women-1536x1025.jpg 1536w, https:\/\/runbikeimport.com\/wp-content\/uploads\/ripmo-af-gx-weight-ibis-eagle-review-rundown-fanatik-bike-co-blog-control-for-women-2048x1367.jpg 2048w, https:\/\/runbikeimport.com\/wp-content\/uploads\/ripmo-af-gx-weight-ibis-eagle-review-rundown-fanatik-bike-co-blog-control-for-women-510x340.jpg 510w\" sizes=\"auto, (max-width: 1020px) 100vw, 1020px\" \/>\t\t\t\t\t\t\n\t\t\t\t\t<\/div>\n\t\t\t\t\t\t\t\t\n<style>\n#image_1051862948 {\n  width: 100%;\n}\n<\/style>\n\t<\/div>\n\t\n\n\n<\/div><\/div>\n<div class=\"col grid-col large-6 grid-col-1-3\" ><div class=\"col-inner\">\n\n\t<div class=\"img has-hover x md-x lg-x y md-y lg-y\" id=\"image_839447089\">\n\t\t\t\t\t\t\t\t<div class=\"img-inner dark\" >\n\t\t\t<img loading=\"lazy\" decoding=\"async\" width=\"796\" height=\"1024\" src=\"https:\/\/runbikeimport.com\/wp-content\/uploads\/atelier1-796x1024.jpg\" class=\"attachment-large size-large\" alt=\"atelier1\" srcset=\"https:\/\/runbikeimport.com\/wp-content\/uploads\/atelier1-796x1024.jpg 796w, https:\/\/runbikeimport.com\/wp-content\/uploads\/atelier1-200x257.jpg 200w, https:\/\/runbikeimport.com\/wp-content\/uploads\/atelier1-233x300.jpg 233w, https:\/\/runbikeimport.com\/wp-content\/uploads\/atelier1-768x987.jpg 768w, https:\/\/runbikeimport.com\/wp-content\/uploads\/atelier1-510x656.jpg 510w, https:\/\/runbikeimport.com\/wp-content\/uploads\/atelier1.jpg 840w\" sizes=\"auto, (max-width: 796px) 100vw, 796px\" \/>\t\t\t\t\t\t\n\t\t\t\t\t<\/div>\n\t\t\t\t\t\t\t\t\n<style>\n#image_839447089 {\n  width: 100%;\n}\n<\/style>\n\t<\/div>\n\t\n\n\n<\/div><\/div>\n\n            <\/div>\n    <style>\n    #banner-grid-2132323463 .grid-col-1{height: 600px}\n    #banner-grid-2132323463 .grid-col-1-2{height: 300px}\n    #banner-grid-2132323463 .grid-col-1-3{height:200px}\n    #banner-grid-2132323463 .grid-col-2-3{height: 400px}\n    #banner-grid-2132323463 .grid-col-1-4{height: 150px}\n    #banner-grid-2132323463 .grid-col-3-4{height: 450px}\n\n\n    \n    \n\n  <\/style>\n    <\/div>\n  \n<div class=\"row\"  id=\"row-1407470666\">\n\n\n\t<div id=\"col-1770284592\" class=\"col small-12 large-12\"  >\n\t\t\t\t<div class=\"col-inner\"  >\n\t\t\t\n\t\t\t\n\n<h3><strong>Pourquoi choisir RBI Suspension ?<\/strong><\/h3>\n<p>Nous collaborons \u00e9troitement avec des fabricants et fournisseurs de renom tels que <strong>Vorsprung<\/strong>, <strong>X1 Racing<\/strong>, <strong>Fast Suspension<\/strong>, et bien d\u2019autres, pour garantir un service de pointe :<\/p>\n<ul>\n<li><strong>Mises \u00e0 jour continues<\/strong> : Nous utilisons les derni\u00e8res innovations en mati\u00e8re de joints, outils (comme les vidanges sous pompe \u00d6HLINS), huiles et lubrifiants.<\/li>\n<li><strong>Optimisations performantes<\/strong> : Nos solutions hydrauliques et ressorts sont \u00e9prouv\u00e9es sur les circuits mondiaux (XC, Enduro EWS, Coupe du Monde de DH).<\/li>\n<li><strong>Kits upgrade de haute performance<\/strong> : Des am\u00e9liorations test\u00e9es et approuv\u00e9es pour repousser vos limites.<\/li>\n<li><strong>Stock de pi\u00e8ces cons\u00e9quent<\/strong> : Assurez-vous d\u2019un <strong>service apr\u00e8s-vente rapide et efficace<\/strong> directement dans notre atelier.<\/li>\n<\/ul>\n\n<a class=\"button primary\"  >\n\t\t<span>devis en ligne<\/span>\n\t<\/a>\n\n\n<a class=\"button secondary is-outline\"  >\n\t\t<span>boutique en ligne<\/span>\n\t<\/a>\n\n\n\n\t\t<\/div>\n\t\t\t\t\t<\/div>\n\n\t\n\n<\/div>\n\n","protected":false},"excerpt":{"rendered":"","protected":false},"author":3,"featured_media":0,"parent":0,"menu_order":0,"comment_status":"closed","ping_status":"closed","template":"","meta":{"footnotes":""},"class_list":["post-25","page","type-page","status-publish","hentry"],"yoast_head":"<!-- This site is optimized with the Yoast SEO plugin v27.6 - https:\/\/yoast.com\/product\/yoast-seo-wordpress\/ -->\n<title>A propos - RunbikeImport<\/title>\n<meta name=\"robots\" content=\"index, follow, max-snippet:-1, max-image-preview:large, max-video-preview:-1\" \/>\n<link rel=\"canonical\" href=\"https:\/\/runbikeimport.com\/?page_id=25\" \/>\n<meta property=\"og:locale\" content=\"fr_FR\" \/>\n<meta property=\"og:type\" content=\"article\" \/>\n<meta property=\"og:title\" content=\"A propos - RunbikeImport\" \/>\n<meta property=\"og:url\" content=\"https:\/\/runbikeimport.com\/?page_id=25\" \/>\n<meta property=\"og:site_name\" content=\"RunbikeImport\" \/>\n<meta property=\"article:publisher\" content=\"https:\/\/www.facebook.com\/Runbikeimport\/\" \/>\n<meta property=\"article:modified_time\" content=\"2024-11-17T13:45:37+00:00\" \/>\n<meta property=\"og:image\" content=\"https:\/\/runbikeimport.com\/wp-content\/uploads\/LOGO-RBI-RUN-BIKE-IMPORT300.jpg\" \/>\n\t<meta property=\"og:image:width\" content=\"300\" \/>\n\t<meta property=\"og:image:height\" content=\"131\" \/>\n\t<meta property=\"og:image:type\" content=\"image\/jpeg\" \/>\n<meta name=\"twitter:card\" content=\"summary_large_image\" \/>\n<meta name=\"twitter:label1\" content=\"Dur\u00e9e de lecture estim\u00e9e\" \/>\n\t<meta name=\"twitter:data1\" content=\"2 minutes\" \/>\n<script type=\"application\/ld+json\" class=\"yoast-schema-graph\">{\"@context\":\"https:\\\/\\\/schema.org\",\"@graph\":[{\"@type\":\"WebPage\",\"@id\":\"https:\\\/\\\/runbikeimport.com\\\/?page_id=25\",\"url\":\"https:\\\/\\\/runbikeimport.com\\\/?page_id=25\",\"name\":\"A propos - RunbikeImport\",\"isPartOf\":{\"@id\":\"https:\\\/\\\/runbikeimport.com\\\/#website\"},\"datePublished\":\"2020-11-02T20:14:10+00:00\",\"dateModified\":\"2024-11-17T13:45:37+00:00\",\"breadcrumb\":{\"@id\":\"https:\\\/\\\/runbikeimport.com\\\/?page_id=25#breadcrumb\"},\"inLanguage\":\"fr-FR\",\"potentialAction\":[{\"@type\":\"ReadAction\",\"target\":[\"https:\\\/\\\/runbikeimport.com\\\/?page_id=25\"]}]},{\"@type\":\"BreadcrumbList\",\"@id\":\"https:\\\/\\\/runbikeimport.com\\\/?page_id=25#breadcrumb\",\"itemListElement\":[{\"@type\":\"ListItem\",\"position\":1,\"name\":\"Accueil\",\"item\":\"https:\\\/\\\/runbikeimport.com\\\/\"},{\"@type\":\"ListItem\",\"position\":2,\"name\":\"A propos\"}]},{\"@type\":\"WebSite\",\"@id\":\"https:\\\/\\\/runbikeimport.com\\\/#website\",\"url\":\"https:\\\/\\\/runbikeimport.com\\\/\",\"name\":\"RunbikeImport\",\"description\":\"Bike &amp; Suspensions\",\"publisher\":{\"@id\":\"https:\\\/\\\/runbikeimport.com\\\/#organization\"},\"potentialAction\":[{\"@type\":\"SearchAction\",\"target\":{\"@type\":\"EntryPoint\",\"urlTemplate\":\"https:\\\/\\\/runbikeimport.com\\\/?s={search_term_string}\"},\"query-input\":{\"@type\":\"PropertyValueSpecification\",\"valueRequired\":true,\"valueName\":\"search_term_string\"}}],\"inLanguage\":\"fr-FR\"},{\"@type\":\"Organization\",\"@id\":\"https:\\\/\\\/runbikeimport.com\\\/#organization\",\"name\":\"RunBikeiMport\",\"url\":\"https:\\\/\\\/runbikeimport.com\\\/\",\"logo\":{\"@type\":\"ImageObject\",\"inLanguage\":\"fr-FR\",\"@id\":\"https:\\\/\\\/runbikeimport.com\\\/#\\\/schema\\\/logo\\\/image\\\/\",\"url\":\"https:\\\/\\\/runbikeimport.com\\\/wp-content\\\/uploads\\\/LOGO-RBI-RUN-BIKE-IMPORT300.jpg\",\"contentUrl\":\"https:\\\/\\\/runbikeimport.com\\\/wp-content\\\/uploads\\\/LOGO-RBI-RUN-BIKE-IMPORT300.jpg\",\"width\":300,\"height\":131,\"caption\":\"RunBikeiMport\"},\"image\":{\"@id\":\"https:\\\/\\\/runbikeimport.com\\\/#\\\/schema\\\/logo\\\/image\\\/\"},\"sameAs\":[\"https:\\\/\\\/www.facebook.com\\\/Runbikeimport\\\/\",\"https:\\\/\\\/www.instagram.com\\\/runbikeimport\\\/\"]}]}<\/script>\n<!-- \/ Yoast SEO plugin. -->","yoast_head_json":{"title":"A propos - RunbikeImport","robots":{"index":"index","follow":"follow","max-snippet":"max-snippet:-1","max-image-preview":"max-image-preview:large","max-video-preview":"max-video-preview:-1"},"canonical":"https:\/\/runbikeimport.com\/?page_id=25","og_locale":"fr_FR","og_type":"article","og_title":"A propos - RunbikeImport","og_url":"https:\/\/runbikeimport.com\/?page_id=25","og_site_name":"RunbikeImport","article_publisher":"https:\/\/www.facebook.com\/Runbikeimport\/","article_modified_time":"2024-11-17T13:45:37+00:00","og_image":[{"width":300,"height":131,"url":"https:\/\/runbikeimport.com\/wp-content\/uploads\/LOGO-RBI-RUN-BIKE-IMPORT300.jpg","type":"image\/jpeg"}],"twitter_card":"summary_large_image","twitter_misc":{"Dur\u00e9e de lecture estim\u00e9e":"2 minutes"},"schema":{"@context":"https:\/\/schema.org","@graph":[{"@type":"WebPage","@id":"https:\/\/runbikeimport.com\/?page_id=25","url":"https:\/\/runbikeimport.com\/?page_id=25","name":"A propos - RunbikeImport","isPartOf":{"@id":"https:\/\/runbikeimport.com\/#website"},"datePublished":"2020-11-02T20:14:10+00:00","dateModified":"2024-11-17T13:45:37+00:00","breadcrumb":{"@id":"https:\/\/runbikeimport.com\/?page_id=25#breadcrumb"},"inLanguage":"fr-FR","potentialAction":[{"@type":"ReadAction","target":["https:\/\/runbikeimport.com\/?page_id=25"]}]},{"@type":"BreadcrumbList","@id":"https:\/\/runbikeimport.com\/?page_id=25#breadcrumb","itemListElement":[{"@type":"ListItem","position":1,"name":"Accueil","item":"https:\/\/runbikeimport.com\/"},{"@type":"ListItem","position":2,"name":"A propos"}]},{"@type":"WebSite","@id":"https:\/\/runbikeimport.com\/#website","url":"https:\/\/runbikeimport.com\/","name":"RunbikeImport","description":"Bike &amp; Suspensions","publisher":{"@id":"https:\/\/runbikeimport.com\/#organization"},"potentialAction":[{"@type":"SearchAction","target":{"@type":"EntryPoint","urlTemplate":"https:\/\/runbikeimport.com\/?s={search_term_string}"},"query-input":{"@type":"PropertyValueSpecification","valueRequired":true,"valueName":"search_term_string"}}],"inLanguage":"fr-FR"},{"@type":"Organization","@id":"https:\/\/runbikeimport.com\/#organization","name":"RunBikeiMport","url":"https:\/\/runbikeimport.com\/","logo":{"@type":"ImageObject","inLanguage":"fr-FR","@id":"https:\/\/runbikeimport.com\/#\/schema\/logo\/image\/","url":"https:\/\/runbikeimport.com\/wp-content\/uploads\/LOGO-RBI-RUN-BIKE-IMPORT300.jpg","contentUrl":"https:\/\/runbikeimport.com\/wp-content\/uploads\/LOGO-RBI-RUN-BIKE-IMPORT300.jpg","width":300,"height":131,"caption":"RunBikeiMport"},"image":{"@id":"https:\/\/runbikeimport.com\/#\/schema\/logo\/image\/"},"sameAs":["https:\/\/www.facebook.com\/Runbikeimport\/","https:\/\/www.instagram.com\/runbikeimport\/"]}]}},"_links":{"self":[{"href":"https:\/\/runbikeimport.com\/index.php?rest_route=\/wp\/v2\/pages\/25","targetHints":{"allow":["GET"]}}],"collection":[{"href":"https:\/\/runbikeimport.com\/index.php?rest_route=\/wp\/v2\/pages"}],"about":[{"href":"https:\/\/runbikeimport.com\/index.php?rest_route=\/wp\/v2\/types\/page"}],"author":[{"embeddable":true,"href":"https:\/\/runbikeimport.com\/index.php?rest_route=\/wp\/v2\/users\/3"}],"replies":[{"embeddable":true,"href":"https:\/\/runbikeimport.com\/index.php?rest_route=%2Fwp%2Fv2%2Fcomments&post=25"}],"version-history":[{"count":33,"href":"https:\/\/runbikeimport.com\/index.php?rest_route=\/wp\/v2\/pages\/25\/revisions"}],"predecessor-version":[{"id":1222,"href":"https:\/\/runbikeimport.com\/index.php?rest_route=\/wp\/v2\/pages\/25\/revisions\/1222"}],"wp:attachment":[{"href":"https:\/\/runbikeimport.com\/index.php?rest_route=%2Fwp%2Fv2%2Fmedia&parent=25"}],"curies":[{"name":"wp","href":"https:\/\/api.w.org\/{rel}","templated":true}]}}