{"id":9,"date":"2020-11-02T19:29:17","date_gmt":"2020-11-02T19:29:17","guid":{"rendered":"https:\/\/runbikeimport.com\/?page_id=9"},"modified":"2024-11-17T15:16:02","modified_gmt":"2024-11-17T15:16:02","slug":"runbikeimport-entretien-optimisation-vtt-a-la-reunion","status":"publish","type":"page","link":"https:\/\/runbikeimport.com\/?page_id=9","title":{"rendered":"Services"},"content":{"rendered":"\n<div class=\"row\"  id=\"row-740925952\">\n\n\n\t<div id=\"col-1548607809\" class=\"col small-12 large-12\"  >\n\t\t\t\t<div class=\"col-inner\"  >\n\t\t\t\n\t\t\t\n\n<div class=\"container section-title-container\" ><h1 class=\"section-title section-title-normal\"><b><\/b><span class=\"section-title-main\" >Nos Services<\/span><b><\/b><\/h1><\/div>\n\n<p>Chez R<strong>un Bike Import<\/strong>, nous mettons notre expertise et notre passion du VTT au service de vos besoins. D\u00e9couvrez l\u2019ensemble des prestations que nous proposons pour vous accompagner dans vos aventures sur deux roues.<\/p>\n\n\t\t<\/div>\n\t\t\t\t\t<\/div>\n\n\t\n\n<\/div>\n<div class=\"row\"  id=\"row-313238469\">\n\n\n\t<div id=\"col-23005247\" class=\"col medium-4 small-12 large-4\"  >\n\t\t\t\t<div class=\"col-inner\"  >\n\t\t\t\n\t\t\t\n\n\t<div class=\"box has-hover   has-hover box-overlay dark box-text-bottom\" >\n\n\t\t<div class=\"box-image\" >\n\t\t\t<a href=\"\/entretien\" >\t\t\t<div class=\"image-cover\" style=\"padding-top:250px;\">\n\t\t\t\t<img loading=\"lazy\" decoding=\"async\" width=\"300\" height=\"200\" src=\"https:\/\/runbikeimport.com\/wp-content\/uploads\/1634044531_FOX-XL-Mudguard-extends-protection-for-36-38-MTB-forks_wet-300x200.jpg\" class=\"attachment-medium size-medium\" alt=\"\" srcset=\"https:\/\/runbikeimport.com\/wp-content\/uploads\/1634044531_FOX-XL-Mudguard-extends-protection-for-36-38-MTB-forks_wet-300x200.jpg 300w, https:\/\/runbikeimport.com\/wp-content\/uploads\/1634044531_FOX-XL-Mudguard-extends-protection-for-36-38-MTB-forks_wet-200x133.jpg 200w, https:\/\/runbikeimport.com\/wp-content\/uploads\/1634044531_FOX-XL-Mudguard-extends-protection-for-36-38-MTB-forks_wet-768x512.jpg 768w, https:\/\/runbikeimport.com\/wp-content\/uploads\/1634044531_FOX-XL-Mudguard-extends-protection-for-36-38-MTB-forks_wet-1024x683.jpg 1024w, https:\/\/runbikeimport.com\/wp-content\/uploads\/1634044531_FOX-XL-Mudguard-extends-protection-for-36-38-MTB-forks_wet-1536x1024.jpg 1536w, https:\/\/runbikeimport.com\/wp-content\/uploads\/1634044531_FOX-XL-Mudguard-extends-protection-for-36-38-MTB-forks_wet-510x340.jpg 510w, https:\/\/runbikeimport.com\/wp-content\/uploads\/1634044531_FOX-XL-Mudguard-extends-protection-for-36-38-MTB-forks_wet.jpg 1800w\" sizes=\"auto, (max-width: 300px) 100vw, 300px\" \/>\t\t\t\t<div class=\"overlay\" style=\"background-color:1\"><\/div>\t\t\t\t\t\t\t<\/div>\n\t\t\t<\/a>\t\t<\/div>\n\n\t\t<div class=\"box-text text-center\" >\n\t\t\t<div class=\"box-text-inner\">\n\t\t\t\t\n\n<p>ENTRETIEN<\/p>\n\n\t\t\t<\/div>\n\t\t<\/div>\n\t<\/div>\n\t\n\n\t\t<\/div>\n\t\t\t\t\t<\/div>\n\n\t\n\n\t<div id=\"col-394414606\" class=\"col medium-4 small-12 large-4\"  >\n\t\t\t\t<div class=\"col-inner\"  >\n\t\t\t\n\t\t\t\n\n\t<div class=\"box has-hover   has-hover box-overlay dark box-text-bottom\" >\n\n\t\t<div class=\"box-image\" >\n\t\t\t<a href=\"\/optimisation-fourche-amortisseur\" >\t\t\t<div class=\"image-cover\" style=\"padding-top:250px;\">\n\t\t\t\t<img loading=\"lazy\" decoding=\"async\" width=\"300\" height=\"200\" src=\"https:\/\/runbikeimport.com\/wp-content\/uploads\/173593220_3850541474993223_5088545888185133873_n-300x200.jpg\" class=\"attachment-medium size-medium\" alt=\"\" srcset=\"https:\/\/runbikeimport.com\/wp-content\/uploads\/173593220_3850541474993223_5088545888185133873_n-300x200.jpg 300w, https:\/\/runbikeimport.com\/wp-content\/uploads\/173593220_3850541474993223_5088545888185133873_n-200x133.jpg 200w, https:\/\/runbikeimport.com\/wp-content\/uploads\/173593220_3850541474993223_5088545888185133873_n-768x512.jpg 768w, https:\/\/runbikeimport.com\/wp-content\/uploads\/173593220_3850541474993223_5088545888185133873_n-1024x682.jpg 1024w, https:\/\/runbikeimport.com\/wp-content\/uploads\/173593220_3850541474993223_5088545888185133873_n-1536x1024.jpg 1536w, https:\/\/runbikeimport.com\/wp-content\/uploads\/173593220_3850541474993223_5088545888185133873_n-510x340.jpg 510w, https:\/\/runbikeimport.com\/wp-content\/uploads\/173593220_3850541474993223_5088545888185133873_n.jpg 2000w\" sizes=\"auto, (max-width: 300px) 100vw, 300px\" \/>\t\t\t\t<div class=\"overlay\" style=\"background-color:1\"><\/div>\t\t\t\t\t\t\t<\/div>\n\t\t\t<\/a>\t\t<\/div>\n\n\t\t<div class=\"box-text text-center\" >\n\t\t\t<div class=\"box-text-inner\">\n\t\t\t\t\n\n<p>OPTIMISATION<\/p>\n\n\t\t\t<\/div>\n\t\t<\/div>\n\t<\/div>\n\t\n\n\t\t<\/div>\n\t\t\t\t\t<\/div>\n\n\t\n\n\t<div id=\"col-1311208935\" class=\"col medium-4 small-12 large-4\"  >\n\t\t\t\t<div class=\"col-inner\"  >\n\t\t\t\n\t\t\t\n\n\t<div class=\"box has-hover   has-hover box-overlay dark box-text-bottom\" >\n\n\t\t<div class=\"box-image\" >\n\t\t\t<a href=\"\/mecanique-generale\" >\t\t\t<div class=\"image-cover\" style=\"padding-top:250px;\">\n\t\t\t\t<img loading=\"lazy\" decoding=\"async\" width=\"300\" height=\"169\" src=\"https:\/\/runbikeimport.com\/wp-content\/uploads\/services-fond-1-300x169.jpg\" class=\"attachment-medium size-medium\" alt=\"services-fond-1\" srcset=\"https:\/\/runbikeimport.com\/wp-content\/uploads\/services-fond-1-300x169.jpg 300w, https:\/\/runbikeimport.com\/wp-content\/uploads\/services-fond-1-200x113.jpg 200w, https:\/\/runbikeimport.com\/wp-content\/uploads\/services-fond-1-768x432.jpg 768w, https:\/\/runbikeimport.com\/wp-content\/uploads\/services-fond-1-1024x576.jpg 1024w, https:\/\/runbikeimport.com\/wp-content\/uploads\/services-fond-1-1536x864.jpg 1536w, https:\/\/runbikeimport.com\/wp-content\/uploads\/services-fond-1-510x287.jpg 510w, https:\/\/runbikeimport.com\/wp-content\/uploads\/services-fond-1.jpg 1920w\" sizes=\"auto, (max-width: 300px) 100vw, 300px\" \/>\t\t\t\t<div class=\"overlay\" style=\"background-color:1\"><\/div>\t\t\t\t\t\t\t<\/div>\n\t\t\t<\/a>\t\t<\/div>\n\n\t\t<div class=\"box-text text-center\" >\n\t\t\t<div class=\"box-text-inner\">\n\t\t\t\t\n\n<p>MECANIQUE<\/p>\n\n\t\t\t<\/div>\n\t\t<\/div>\n\t<\/div>\n\t\n\n\t\t<\/div>\n\t\t\t\t\t<\/div>\n\n\t\n\n<\/div>\n<div class=\"row\"  id=\"row-2050673364\">\n\n\n\t<div id=\"col-710888563\" class=\"col small-12 large-12\"  >\n\t\t\t\t<div class=\"col-inner\"  >\n\t\t\t\n\t\t\t\n\n\n\t\t<\/div>\n\t\t\t\t\t<\/div>\n\n\t\n\n<\/div>\n\n","protected":false},"excerpt":{"rendered":"","protected":false},"author":1,"featured_media":0,"parent":0,"menu_order":0,"comment_status":"closed","ping_status":"closed","template":"","meta":{"footnotes":""},"class_list":["post-9","page","type-page","status-publish","hentry"],"yoast_head":"<!-- This site is optimized with the Yoast SEO plugin v27.6 - https:\/\/yoast.com\/product\/yoast-seo-wordpress\/ -->\n<title>Entretien &amp; Optimisation suspension VTT \u00eele de la r\u00e9union 974<\/title>\n<meta name=\"description\" content=\"Entretien de Fourche, Amortisseur &amp; Tige de selle de VTT \u00e0 La R\u00e9union. Devis en ligne en 5 minutes. Centre FOX et OHLINS certifi\u00e9\" \/>\n<meta name=\"robots\" content=\"index, follow, max-snippet:-1, max-image-preview:large, max-video-preview:-1\" \/>\n<link rel=\"canonical\" href=\"https:\/\/runbikeimport.com\/?page_id=9\" \/>\n<meta property=\"og:locale\" content=\"fr_FR\" \/>\n<meta property=\"og:type\" content=\"article\" \/>\n<meta property=\"og:title\" content=\"Entretien &amp; Optimisation suspension VTT \u00eele de la r\u00e9union 974\" \/>\n<meta property=\"og:description\" content=\"Entretien de Fourche, Amortisseur &amp; Tige de selle de VTT \u00e0 La R\u00e9union. Devis en ligne en 5 minutes. Centre FOX et OHLINS certifi\u00e9\" \/>\n<meta property=\"og:url\" content=\"https:\/\/runbikeimport.com\/?page_id=9\" \/>\n<meta property=\"og:site_name\" content=\"RunbikeImport\" \/>\n<meta property=\"article:publisher\" content=\"https:\/\/www.facebook.com\/Runbikeimport\/\" \/>\n<meta property=\"article:modified_time\" content=\"2024-11-17T15:16:02+00:00\" \/>\n<meta property=\"og:image\" content=\"https:\/\/runbikeimport.com\/wp-content\/uploads\/LOGO-RBI-RUN-BIKE-IMPORT300.jpg\" \/>\n\t<meta property=\"og:image:width\" content=\"300\" \/>\n\t<meta property=\"og:image:height\" content=\"131\" \/>\n\t<meta property=\"og:image:type\" content=\"image\/jpeg\" \/>\n<meta name=\"twitter:card\" content=\"summary_large_image\" \/>\n<meta name=\"twitter:label1\" content=\"Dur\u00e9e de lecture estim\u00e9e\" \/>\n\t<meta name=\"twitter:data1\" content=\"1 minute\" \/>\n<script type=\"application\/ld+json\" class=\"yoast-schema-graph\">{\"@context\":\"https:\\\/\\\/schema.org\",\"@graph\":[{\"@type\":\"WebPage\",\"@id\":\"https:\\\/\\\/runbikeimport.com\\\/?page_id=9\",\"url\":\"https:\\\/\\\/runbikeimport.com\\\/?page_id=9\",\"name\":\"Entretien & Optimisation suspension VTT \u00eele de la r\u00e9union 974\",\"isPartOf\":{\"@id\":\"https:\\\/\\\/runbikeimport.com\\\/#website\"},\"datePublished\":\"2020-11-02T19:29:17+00:00\",\"dateModified\":\"2024-11-17T15:16:02+00:00\",\"description\":\"Entretien de Fourche, Amortisseur & Tige de selle de VTT \u00e0 La R\u00e9union. Devis en ligne en 5 minutes. Centre FOX et OHLINS certifi\u00e9\",\"breadcrumb\":{\"@id\":\"https:\\\/\\\/runbikeimport.com\\\/?page_id=9#breadcrumb\"},\"inLanguage\":\"fr-FR\",\"potentialAction\":[{\"@type\":\"ReadAction\",\"target\":[\"https:\\\/\\\/runbikeimport.com\\\/?page_id=9\"]}]},{\"@type\":\"BreadcrumbList\",\"@id\":\"https:\\\/\\\/runbikeimport.com\\\/?page_id=9#breadcrumb\",\"itemListElement\":[{\"@type\":\"ListItem\",\"position\":1,\"name\":\"Accueil\",\"item\":\"https:\\\/\\\/runbikeimport.com\\\/\"},{\"@type\":\"ListItem\",\"position\":2,\"name\":\"Services\"}]},{\"@type\":\"WebSite\",\"@id\":\"https:\\\/\\\/runbikeimport.com\\\/#website\",\"url\":\"https:\\\/\\\/runbikeimport.com\\\/\",\"name\":\"RunbikeImport\",\"description\":\"Bike &amp; Suspensions\",\"publisher\":{\"@id\":\"https:\\\/\\\/runbikeimport.com\\\/#organization\"},\"potentialAction\":[{\"@type\":\"SearchAction\",\"target\":{\"@type\":\"EntryPoint\",\"urlTemplate\":\"https:\\\/\\\/runbikeimport.com\\\/?s={search_term_string}\"},\"query-input\":{\"@type\":\"PropertyValueSpecification\",\"valueRequired\":true,\"valueName\":\"search_term_string\"}}],\"inLanguage\":\"fr-FR\"},{\"@type\":\"Organization\",\"@id\":\"https:\\\/\\\/runbikeimport.com\\\/#organization\",\"name\":\"RunBikeiMport\",\"url\":\"https:\\\/\\\/runbikeimport.com\\\/\",\"logo\":{\"@type\":\"ImageObject\",\"inLanguage\":\"fr-FR\",\"@id\":\"https:\\\/\\\/runbikeimport.com\\\/#\\\/schema\\\/logo\\\/image\\\/\",\"url\":\"https:\\\/\\\/runbikeimport.com\\\/wp-content\\\/uploads\\\/LOGO-RBI-RUN-BIKE-IMPORT300.jpg\",\"contentUrl\":\"https:\\\/\\\/runbikeimport.com\\\/wp-content\\\/uploads\\\/LOGO-RBI-RUN-BIKE-IMPORT300.jpg\",\"width\":300,\"height\":131,\"caption\":\"RunBikeiMport\"},\"image\":{\"@id\":\"https:\\\/\\\/runbikeimport.com\\\/#\\\/schema\\\/logo\\\/image\\\/\"},\"sameAs\":[\"https:\\\/\\\/www.facebook.com\\\/Runbikeimport\\\/\",\"https:\\\/\\\/www.instagram.com\\\/runbikeimport\\\/\"]}]}<\/script>\n<!-- \/ Yoast SEO plugin. -->","yoast_head_json":{"title":"Entretien & Optimisation suspension VTT \u00eele de la r\u00e9union 974","description":"Entretien de Fourche, Amortisseur & Tige de selle de VTT \u00e0 La R\u00e9union. Devis en ligne en 5 minutes. Centre FOX et OHLINS certifi\u00e9","robots":{"index":"index","follow":"follow","max-snippet":"max-snippet:-1","max-image-preview":"max-image-preview:large","max-video-preview":"max-video-preview:-1"},"canonical":"https:\/\/runbikeimport.com\/?page_id=9","og_locale":"fr_FR","og_type":"article","og_title":"Entretien & Optimisation suspension VTT \u00eele de la r\u00e9union 974","og_description":"Entretien de Fourche, Amortisseur & Tige de selle de VTT \u00e0 La R\u00e9union. Devis en ligne en 5 minutes. Centre FOX et OHLINS certifi\u00e9","og_url":"https:\/\/runbikeimport.com\/?page_id=9","og_site_name":"RunbikeImport","article_publisher":"https:\/\/www.facebook.com\/Runbikeimport\/","article_modified_time":"2024-11-17T15:16:02+00:00","og_image":[{"width":300,"height":131,"url":"https:\/\/runbikeimport.com\/wp-content\/uploads\/LOGO-RBI-RUN-BIKE-IMPORT300.jpg","type":"image\/jpeg"}],"twitter_card":"summary_large_image","twitter_misc":{"Dur\u00e9e de lecture estim\u00e9e":"1 minute"},"schema":{"@context":"https:\/\/schema.org","@graph":[{"@type":"WebPage","@id":"https:\/\/runbikeimport.com\/?page_id=9","url":"https:\/\/runbikeimport.com\/?page_id=9","name":"Entretien & Optimisation suspension VTT \u00eele de la r\u00e9union 974","isPartOf":{"@id":"https:\/\/runbikeimport.com\/#website"},"datePublished":"2020-11-02T19:29:17+00:00","dateModified":"2024-11-17T15:16:02+00:00","description":"Entretien de Fourche, Amortisseur & Tige de selle de VTT \u00e0 La R\u00e9union. Devis en ligne en 5 minutes. Centre FOX et OHLINS certifi\u00e9","breadcrumb":{"@id":"https:\/\/runbikeimport.com\/?page_id=9#breadcrumb"},"inLanguage":"fr-FR","potentialAction":[{"@type":"ReadAction","target":["https:\/\/runbikeimport.com\/?page_id=9"]}]},{"@type":"BreadcrumbList","@id":"https:\/\/runbikeimport.com\/?page_id=9#breadcrumb","itemListElement":[{"@type":"ListItem","position":1,"name":"Accueil","item":"https:\/\/runbikeimport.com\/"},{"@type":"ListItem","position":2,"name":"Services"}]},{"@type":"WebSite","@id":"https:\/\/runbikeimport.com\/#website","url":"https:\/\/runbikeimport.com\/","name":"RunbikeImport","description":"Bike &amp; Suspensions","publisher":{"@id":"https:\/\/runbikeimport.com\/#organization"},"potentialAction":[{"@type":"SearchAction","target":{"@type":"EntryPoint","urlTemplate":"https:\/\/runbikeimport.com\/?s={search_term_string}"},"query-input":{"@type":"PropertyValueSpecification","valueRequired":true,"valueName":"search_term_string"}}],"inLanguage":"fr-FR"},{"@type":"Organization","@id":"https:\/\/runbikeimport.com\/#organization","name":"RunBikeiMport","url":"https:\/\/runbikeimport.com\/","logo":{"@type":"ImageObject","inLanguage":"fr-FR","@id":"https:\/\/runbikeimport.com\/#\/schema\/logo\/image\/","url":"https:\/\/runbikeimport.com\/wp-content\/uploads\/LOGO-RBI-RUN-BIKE-IMPORT300.jpg","contentUrl":"https:\/\/runbikeimport.com\/wp-content\/uploads\/LOGO-RBI-RUN-BIKE-IMPORT300.jpg","width":300,"height":131,"caption":"RunBikeiMport"},"image":{"@id":"https:\/\/runbikeimport.com\/#\/schema\/logo\/image\/"},"sameAs":["https:\/\/www.facebook.com\/Runbikeimport\/","https:\/\/www.instagram.com\/runbikeimport\/"]}]}},"_links":{"self":[{"href":"https:\/\/runbikeimport.com\/index.php?rest_route=\/wp\/v2\/pages\/9","targetHints":{"allow":["GET"]}}],"collection":[{"href":"https:\/\/runbikeimport.com\/index.php?rest_route=\/wp\/v2\/pages"}],"about":[{"href":"https:\/\/runbikeimport.com\/index.php?rest_route=\/wp\/v2\/types\/page"}],"author":[{"embeddable":true,"href":"https:\/\/runbikeimport.com\/index.php?rest_route=\/wp\/v2\/users\/1"}],"replies":[{"embeddable":true,"href":"https:\/\/runbikeimport.com\/index.php?rest_route=%2Fwp%2Fv2%2Fcomments&post=9"}],"version-history":[{"count":45,"href":"https:\/\/runbikeimport.com\/index.php?rest_route=\/wp\/v2\/pages\/9\/revisions"}],"predecessor-version":[{"id":1236,"href":"https:\/\/runbikeimport.com\/index.php?rest_route=\/wp\/v2\/pages\/9\/revisions\/1236"}],"wp:attachment":[{"href":"https:\/\/runbikeimport.com\/index.php?rest_route=%2Fwp%2Fv2%2Fmedia&parent=9"}],"curies":[{"name":"wp","href":"https:\/\/api.w.org\/{rel}","templated":true}]}}