{"id":937,"date":"2021-09-10T06:52:04","date_gmt":"2021-09-10T06:52:04","guid":{"rendered":"https:\/\/runbikeimport.com\/?post_type=product&#038;p=937"},"modified":"2022-09-04T09:50:18","modified_gmt":"2022-09-04T09:50:18","slug":"fourche-ext-era","status":"publish","type":"product","link":"https:\/\/runbikeimport.com\/?product=fourche-ext-era","title":{"rendered":"Fourche EXT ERA"},"content":{"rendered":"<p class=\"font_8\"><strong>Notre nouvelle fourche ERA est con\u00e7ue \u200bpour la pratique du Trail, de l&rsquo;Enduro et du Freeride.<\/strong><\/p>\n<p class=\"font_8\"><strong>C&rsquo;est\u00a0une fourche sans compromis,\u00a0pour am\u00e9liorer les performances et le contr\u00f4le de votre v\u00e9lo.<\/strong><\/p>\n<p class=\"font_8\"><span class=\"wixGuard\">\u200b<\/span><\/p>\n<p class=\"font_8\"><span class=\"color_11\">\u200bLa fourche\u00a0EXT ERA\u00a0est\u00a0\u00e9quip\u00e9e de :<\/span><\/p>\n<p class=\"font_8\"><strong><span class=\"color_11\">Cartouche hybride Air\/Ressort HS3\u00a0:<\/span><\/strong><\/p>\n<p class=\"font_8\"><span class=\"color_11\">Une cartouche hybride haute<\/span><span class=\"color_11\">\u00a0technologie, mixant 3 chambres d&rsquo;air, 2 positives et 1 n\u00e9gative, et 1\u00a0ressort pour am\u00e9liorer la sensibilit\u00e9 et la souplesse du d\u00e9but de course.<\/span><\/p>\n<p class=\"font_8\"><span class=\"color_11\">2 valves accessibles sur le haut de la fourche, permettent le\u00a0r\u00e9glage\u00a0des 2 chambres d&rsquo;air positives\u00a0pour ajuster \u00e0 votre poids le fonctionnement de la fourche, et permettre un meilleur maintien en milieu de d\u00e9battement.<\/span><\/p>\n<p class=\"font_8\"><span class=\"color_11\">Il n&rsquo;y a pas besoin\u00a0de token ou de cale, la 2\u00e8me\u00a0chambre positive est l\u00e0 pour \u00e7a, avec un r\u00e9glage beaucoup plus pr\u00e9cis et pour am\u00e9liorer la progressivit\u00e9 de la fourche.<\/span><\/p>\n<p class=\"font_8\"><span class=\"color_11\">Notre cartouche HS3 combine les avantages du ressort air et h\u00e9lico\u00efdale : superbe sensibilit\u00e9 en d\u00e9but de course, l\u00e9g\u00e8ret\u00e9 et plage de r\u00e9glage infini de l&rsquo;air. Vous ressentez plus de maintien en milieu de course, sans avoir les d\u00e9fauts de la chambre d&rsquo;air simple que vous auriez\u00a0tendance \u00e0 surgonfler.<\/span><\/p>\n<p class=\"font_8\"><strong><span class=\"color_11\">Cartouche hydraulique 3 voies<\/span><span class=\"color_11\">\u00a0:<\/span><\/strong><\/p>\n<p class=\"font_8\"><span class=\"color_11\">Cette cartouche vous donne acc\u00e8s au r\u00e9glage du rebond, de la compression haute vitesse, et de la compression basse vitesse. Tout comme sur nos amortisseurs, les circuits de compression et de rebond sont ind\u00e9pendants\u00a0l&rsquo;un de l&rsquo;autre.<br \/>\nElle int\u00e8gre notre nouvelle conception \u00e0\u00a0clapet anti-retour HDRV (High Dynamic Response Valve), avec 2 piles de clapets\u00a0diff\u00e9rents pour les vitesses moyennes et \u00e9lev\u00e9es.<\/span><\/p>\n<p class=\"font_8\"><strong><span class=\"color_11\">Ch\u00e2ssis haute rigidit\u00e9 en aluminium 7050 T6\u00a0:<\/span><\/strong><\/p>\n<p class=\"font_8\"><span class=\"color_11\">Le t\u00e9 de fourche\u00a0pr\u00e9sente un nouveau design unique assurant ainsi une meilleure rigidit\u00e9, et pr\u00e9vient les possibles bruits de craquements sur cette zone.<\/span><\/p>\n<p class=\"font_8\"><span class=\"color_11\">L&rsquo;exp\u00e9rience et le\u00a0\u00a0savoir faire EXT dans toute sa splendeur, avec l\u2019utilisation\u00a0de technologies notamment issues du WRC pour le choix des bushings, des traitements de surface, et de l&rsquo;huile.<\/span><\/p>\n<p class=\"font_8\"><span class=\"color_11\"><span class=\"wixGuard\">\u200b<\/span><\/span><\/p>\n<p class=\"font_8\"><span class=\"color_11\">Dans le d\u00e9tail :\u00a0<\/span><\/p>\n<ul class=\"font_8 color_11\">\n<li>\n<p class=\"font_8\"><span class=\"color_11\">Cartouche hybride Air\/Ressort HS3\u00a0: 2 chambres positives ajustables, 1 chambre n\u00e9gative grand volume, 1 ressort pour la sensibilit\u00e9 de d\u00e9but de course,<\/span><\/p>\n<\/li>\n<li>\n<p class=\"font_8\"><span class=\"color_11\">T\u00e9 de fourche au design unique : Aluminium forg\u00e9 7050 T6 pour am\u00e9liorer la rigidit\u00e9,<\/span><\/p>\n<\/li>\n<li>\n<p class=\"font_8\"><span class=\"color_11\">Cartouche hydraulique \u00e0 haut volume d&rsquo;huile, piston de \u00d822mm, circuits s\u00e9par\u00e9s Compression et Rebond pour am\u00e9liorer les flux d&rsquo;huile,<\/span><\/p>\n<\/li>\n<li>\n<p class=\"font_8\"><span class=\"color_11\">R\u00e9servoir IFP\u00a0\u00d824mm,<\/span><\/p>\n<\/li>\n<li>\n<p class=\"font_8\"><span class=\"color_11\">Ajustable 3 voies, Haute Vitesse de Compression, Basse Vitesse de Compression, Rebond,<\/span><\/p>\n<\/li>\n<li>\n<p class=\"font_8\"><span class=\"color_11\">Technologies basse friction : bushings issus des technologies WRC, utilisation de l&rsquo;huile haute qualit\u00e9 EXT,<\/span><\/p>\n<\/li>\n<li>\n<p class=\"font_8\"><span class=\"color_11\">Nouvelle conception \u00e0 clapets anti-retours HDRV (High Dynamic Response Valve), g\u00e9n\u00e9rant une\u00a0tenue hydraulique de milieu et de fin de course parfaite, associ\u00e9 \u00e0 un piston flottant interne et \u00e0 un syst\u00e8me anti but\u00e9e.<\/span><\/p>\n<\/li>\n<\/ul>\n<p class=\"font_8\"><span class=\"color_11\">Poids : 2280gr (29 pouces et 170mm, pivot non coup\u00e9, axe en place)<\/span><\/p>\n","protected":false},"excerpt":{"rendered":"<ul>\n<li>Fourche Enduro 170 mm ou 160mm ou 150mm<\/li>\n<li>Optimisation pilote incluse<\/li>\n<li>29 pouces<\/li>\n<li>Offset 44mm<\/li>\n<li>NEUVE<\/li>\n<li>Installation OFFERTE et r\u00e9glage par RBI<\/li>\n<\/ul>\n","protected":false},"featured_media":940,"template":"","meta":[],"product_brand":[],"product_cat":[25,28],"product_tag":[],"class_list":{"0":"post-937","1":"product","2":"type-product","3":"status-publish","4":"has-post-thumbnail","6":"product_cat-en-stock","7":"product_cat-fourche","9":"first","10":"instock","11":"shipping-taxable","12":"purchasable","13":"product-type-simple"},"yoast_head":"<!-- This site is optimized with the Yoast SEO plugin v27.6 - https:\/\/yoast.com\/product\/yoast-seo-wordpress\/ -->\n<title>Fourche EXT ERA - RunbikeImport<\/title>\n<meta name=\"robots\" content=\"index, follow, max-snippet:-1, max-image-preview:large, max-video-preview:-1\" \/>\n<link rel=\"canonical\" href=\"https:\/\/runbikeimport.com\/produit\/fourche-ext-era\" \/>\n<meta property=\"og:locale\" content=\"fr_FR\" \/>\n<meta property=\"og:type\" content=\"article\" \/>\n<meta property=\"og:title\" content=\"Fourche EXT ERA - RunbikeImport\" \/>\n<meta property=\"og:description\" content=\"Fourche Enduro 170 mm ou 160mm ou 150mm  Optimisation pilote incluse  29 pouces  Offset 44mm  NEUVE  Installation OFFERTE et r\u00e9glage par RBI\" \/>\n<meta property=\"og:url\" content=\"https:\/\/runbikeimport.com\/produit\/fourche-ext-era\" \/>\n<meta property=\"og:site_name\" content=\"RunbikeImport\" \/>\n<meta property=\"article:publisher\" content=\"https:\/\/www.facebook.com\/Runbikeimport\/\" \/>\n<meta property=\"article:modified_time\" content=\"2022-09-04T09:50:18+00:00\" \/>\n<meta property=\"og:image\" content=\"https:\/\/runbikeimport.com\/wp-content\/uploads\/24cb09_aab9f33c1abc4e2a9503aab5493e3db1_mv2.jpeg\" \/>\n\t<meta property=\"og:image:width\" content=\"1600\" \/>\n\t<meta property=\"og:image:height\" content=\"1067\" \/>\n\t<meta property=\"og:image:type\" content=\"image\/jpeg\" \/>\n<meta name=\"twitter:card\" content=\"summary_large_image\" \/>\n<meta name=\"twitter:label1\" content=\"Dur\u00e9e de lecture estim\u00e9e\" \/>\n\t<meta name=\"twitter:data1\" content=\"2 minutes\" \/>\n<script type=\"application\/ld+json\" class=\"yoast-schema-graph\">{\"@context\":\"https:\\\/\\\/schema.org\",\"@graph\":[{\"@type\":\"WebPage\",\"@id\":\"https:\\\/\\\/runbikeimport.com\\\/produit\\\/fourche-ext-era\",\"url\":\"https:\\\/\\\/runbikeimport.com\\\/produit\\\/fourche-ext-era\",\"name\":\"Fourche EXT ERA - RunbikeImport\",\"isPartOf\":{\"@id\":\"https:\\\/\\\/runbikeimport.com\\\/#website\"},\"primaryImageOfPage\":{\"@id\":\"https:\\\/\\\/runbikeimport.com\\\/produit\\\/fourche-ext-era#primaryimage\"},\"image\":{\"@id\":\"https:\\\/\\\/runbikeimport.com\\\/produit\\\/fourche-ext-era#primaryimage\"},\"thumbnailUrl\":\"https:\\\/\\\/runbikeimport.com\\\/wp-content\\\/uploads\\\/24cb09_aab9f33c1abc4e2a9503aab5493e3db1_mv2.jpeg\",\"datePublished\":\"2021-09-10T06:52:04+00:00\",\"dateModified\":\"2022-09-04T09:50:18+00:00\",\"breadcrumb\":{\"@id\":\"https:\\\/\\\/runbikeimport.com\\\/produit\\\/fourche-ext-era#breadcrumb\"},\"inLanguage\":\"fr-FR\",\"potentialAction\":[{\"@type\":\"ReadAction\",\"target\":[\"https:\\\/\\\/runbikeimport.com\\\/produit\\\/fourche-ext-era\"]}]},{\"@type\":\"ImageObject\",\"inLanguage\":\"fr-FR\",\"@id\":\"https:\\\/\\\/runbikeimport.com\\\/produit\\\/fourche-ext-era#primaryimage\",\"url\":\"https:\\\/\\\/runbikeimport.com\\\/wp-content\\\/uploads\\\/24cb09_aab9f33c1abc4e2a9503aab5493e3db1_mv2.jpeg\",\"contentUrl\":\"https:\\\/\\\/runbikeimport.com\\\/wp-content\\\/uploads\\\/24cb09_aab9f33c1abc4e2a9503aab5493e3db1_mv2.jpeg\",\"width\":1600,\"height\":1067},{\"@type\":\"BreadcrumbList\",\"@id\":\"https:\\\/\\\/runbikeimport.com\\\/produit\\\/fourche-ext-era#breadcrumb\",\"itemListElement\":[{\"@type\":\"ListItem\",\"position\":1,\"name\":\"Accueil\",\"item\":\"https:\\\/\\\/runbikeimport.com\\\/\"},{\"@type\":\"ListItem\",\"position\":2,\"name\":\"Boutique\",\"item\":\"https:\\\/\\\/runbikeimport.com\\\/?page_id=247\"},{\"@type\":\"ListItem\",\"position\":3,\"name\":\"Fourche EXT ERA\"}]},{\"@type\":\"WebSite\",\"@id\":\"https:\\\/\\\/runbikeimport.com\\\/#website\",\"url\":\"https:\\\/\\\/runbikeimport.com\\\/\",\"name\":\"RunbikeImport\",\"description\":\"Bike &amp; Suspensions\",\"publisher\":{\"@id\":\"https:\\\/\\\/runbikeimport.com\\\/#organization\"},\"potentialAction\":[{\"@type\":\"SearchAction\",\"target\":{\"@type\":\"EntryPoint\",\"urlTemplate\":\"https:\\\/\\\/runbikeimport.com\\\/?s={search_term_string}\"},\"query-input\":{\"@type\":\"PropertyValueSpecification\",\"valueRequired\":true,\"valueName\":\"search_term_string\"}}],\"inLanguage\":\"fr-FR\"},{\"@type\":\"Organization\",\"@id\":\"https:\\\/\\\/runbikeimport.com\\\/#organization\",\"name\":\"RunBikeiMport\",\"url\":\"https:\\\/\\\/runbikeimport.com\\\/\",\"logo\":{\"@type\":\"ImageObject\",\"inLanguage\":\"fr-FR\",\"@id\":\"https:\\\/\\\/runbikeimport.com\\\/#\\\/schema\\\/logo\\\/image\\\/\",\"url\":\"https:\\\/\\\/runbikeimport.com\\\/wp-content\\\/uploads\\\/LOGO-RBI-RUN-BIKE-IMPORT300.jpg\",\"contentUrl\":\"https:\\\/\\\/runbikeimport.com\\\/wp-content\\\/uploads\\\/LOGO-RBI-RUN-BIKE-IMPORT300.jpg\",\"width\":300,\"height\":131,\"caption\":\"RunBikeiMport\"},\"image\":{\"@id\":\"https:\\\/\\\/runbikeimport.com\\\/#\\\/schema\\\/logo\\\/image\\\/\"},\"sameAs\":[\"https:\\\/\\\/www.facebook.com\\\/Runbikeimport\\\/\",\"https:\\\/\\\/www.instagram.com\\\/runbikeimport\\\/\"]}]}<\/script>\n<!-- \/ Yoast SEO plugin. -->","yoast_head_json":{"title":"Fourche EXT ERA - RunbikeImport","robots":{"index":"index","follow":"follow","max-snippet":"max-snippet:-1","max-image-preview":"max-image-preview:large","max-video-preview":"max-video-preview:-1"},"canonical":"https:\/\/runbikeimport.com\/produit\/fourche-ext-era","og_locale":"fr_FR","og_type":"article","og_title":"Fourche EXT ERA - RunbikeImport","og_description":"Fourche Enduro 170 mm ou 160mm ou 150mm  Optimisation pilote incluse  29 pouces  Offset 44mm  NEUVE  Installation OFFERTE et r\u00e9glage par RBI","og_url":"https:\/\/runbikeimport.com\/produit\/fourche-ext-era","og_site_name":"RunbikeImport","article_publisher":"https:\/\/www.facebook.com\/Runbikeimport\/","article_modified_time":"2022-09-04T09:50:18+00:00","og_image":[{"width":1600,"height":1067,"url":"https:\/\/runbikeimport.com\/wp-content\/uploads\/24cb09_aab9f33c1abc4e2a9503aab5493e3db1_mv2.jpeg","type":"image\/jpeg"}],"twitter_card":"summary_large_image","twitter_misc":{"Dur\u00e9e de lecture estim\u00e9e":"2 minutes"},"schema":{"@context":"https:\/\/schema.org","@graph":[{"@type":"WebPage","@id":"https:\/\/runbikeimport.com\/produit\/fourche-ext-era","url":"https:\/\/runbikeimport.com\/produit\/fourche-ext-era","name":"Fourche EXT ERA - RunbikeImport","isPartOf":{"@id":"https:\/\/runbikeimport.com\/#website"},"primaryImageOfPage":{"@id":"https:\/\/runbikeimport.com\/produit\/fourche-ext-era#primaryimage"},"image":{"@id":"https:\/\/runbikeimport.com\/produit\/fourche-ext-era#primaryimage"},"thumbnailUrl":"https:\/\/runbikeimport.com\/wp-content\/uploads\/24cb09_aab9f33c1abc4e2a9503aab5493e3db1_mv2.jpeg","datePublished":"2021-09-10T06:52:04+00:00","dateModified":"2022-09-04T09:50:18+00:00","breadcrumb":{"@id":"https:\/\/runbikeimport.com\/produit\/fourche-ext-era#breadcrumb"},"inLanguage":"fr-FR","potentialAction":[{"@type":"ReadAction","target":["https:\/\/runbikeimport.com\/produit\/fourche-ext-era"]}]},{"@type":"ImageObject","inLanguage":"fr-FR","@id":"https:\/\/runbikeimport.com\/produit\/fourche-ext-era#primaryimage","url":"https:\/\/runbikeimport.com\/wp-content\/uploads\/24cb09_aab9f33c1abc4e2a9503aab5493e3db1_mv2.jpeg","contentUrl":"https:\/\/runbikeimport.com\/wp-content\/uploads\/24cb09_aab9f33c1abc4e2a9503aab5493e3db1_mv2.jpeg","width":1600,"height":1067},{"@type":"BreadcrumbList","@id":"https:\/\/runbikeimport.com\/produit\/fourche-ext-era#breadcrumb","itemListElement":[{"@type":"ListItem","position":1,"name":"Accueil","item":"https:\/\/runbikeimport.com\/"},{"@type":"ListItem","position":2,"name":"Boutique","item":"https:\/\/runbikeimport.com\/?page_id=247"},{"@type":"ListItem","position":3,"name":"Fourche EXT ERA"}]},{"@type":"WebSite","@id":"https:\/\/runbikeimport.com\/#website","url":"https:\/\/runbikeimport.com\/","name":"RunbikeImport","description":"Bike &amp; Suspensions","publisher":{"@id":"https:\/\/runbikeimport.com\/#organization"},"potentialAction":[{"@type":"SearchAction","target":{"@type":"EntryPoint","urlTemplate":"https:\/\/runbikeimport.com\/?s={search_term_string}"},"query-input":{"@type":"PropertyValueSpecification","valueRequired":true,"valueName":"search_term_string"}}],"inLanguage":"fr-FR"},{"@type":"Organization","@id":"https:\/\/runbikeimport.com\/#organization","name":"RunBikeiMport","url":"https:\/\/runbikeimport.com\/","logo":{"@type":"ImageObject","inLanguage":"fr-FR","@id":"https:\/\/runbikeimport.com\/#\/schema\/logo\/image\/","url":"https:\/\/runbikeimport.com\/wp-content\/uploads\/LOGO-RBI-RUN-BIKE-IMPORT300.jpg","contentUrl":"https:\/\/runbikeimport.com\/wp-content\/uploads\/LOGO-RBI-RUN-BIKE-IMPORT300.jpg","width":300,"height":131,"caption":"RunBikeiMport"},"image":{"@id":"https:\/\/runbikeimport.com\/#\/schema\/logo\/image\/"},"sameAs":["https:\/\/www.facebook.com\/Runbikeimport\/","https:\/\/www.instagram.com\/runbikeimport\/"]}]}},"_links":{"self":[{"href":"https:\/\/runbikeimport.com\/index.php?rest_route=\/wp\/v2\/product\/937","targetHints":{"allow":["GET"]}}],"collection":[{"href":"https:\/\/runbikeimport.com\/index.php?rest_route=\/wp\/v2\/product"}],"about":[{"href":"https:\/\/runbikeimport.com\/index.php?rest_route=\/wp\/v2\/types\/product"}],"wp:featuredmedia":[{"embeddable":true,"href":"https:\/\/runbikeimport.com\/index.php?rest_route=\/wp\/v2\/media\/940"}],"wp:attachment":[{"href":"https:\/\/runbikeimport.com\/index.php?rest_route=%2Fwp%2Fv2%2Fmedia&parent=937"}],"wp:term":[{"taxonomy":"product_brand","embeddable":true,"href":"https:\/\/runbikeimport.com\/index.php?rest_route=%2Fwp%2Fv2%2Fproduct_brand&post=937"},{"taxonomy":"product_cat","embeddable":true,"href":"https:\/\/runbikeimport.com\/index.php?rest_route=%2Fwp%2Fv2%2Fproduct_cat&post=937"},{"taxonomy":"product_tag","embeddable":true,"href":"https:\/\/runbikeimport.com\/index.php?rest_route=%2Fwp%2Fv2%2Fproduct_tag&post=937"}],"curies":[{"name":"wp","href":"https:\/\/api.w.org\/{rel}","templated":true}]}}