{"id":967,"date":"2021-09-25T14:09:59","date_gmt":"2021-09-25T14:09:59","guid":{"rendered":"https:\/\/runbikeimport.com\/?post_type=product&#038;p=967"},"modified":"2024-11-17T14:03:53","modified_gmt":"2024-11-17T14:03:53","slug":"vtt-ibis-ripmo-2021-gx-af","status":"publish","type":"product","link":"https:\/\/runbikeimport.com\/?product=vtt-ibis-ripmo-2021-gx-af","title":{"rendered":"IBIS RIPLEY AF SILVER 2022"},"content":{"rendered":"<p><em>Le Ripley AF c\u2019est notre bike hors cat\u00e9gorie \u00e0 petit d\u00e9battement pr\u00e9f\u00e9r\u00e9 : c\u2019est un Ripley\u00a0en alu avec une g\u00e9om\u00e9trie un peu plus agressive et qui met le feu aux singles. Toute la gouache et le pop du Ripley carbone sont maintenant disponibles \u00e0 un prix contenu<\/em>.<\/p>\n<p>Ce bike est un vrai cam\u00e9l\u00e9on, l\u00e9ger, p\u00eachu, pr\u00e9cis, rapide, fun, il s\u2019adapte \u00e0 toutes les situations ! Il peut encaisser et envoyer beaucoup plus que son d\u00e9battement de 120mm et son poids plume ne le laissent pr\u00e9sager. Qu\u2019il soit en aluminium ne le rend que plus d\u00e9sirable. C\u2019est toujours un Ripley, plus abordable et plus\u2026 m\u00e9tal !<\/p>\n<p><strong>CARACT\u00c9RISTIQUES<\/strong>\u00a0:<br \/>\nFull FOX Performance 120\/130mm<br \/>\nTransmission SLX 12V<br \/>\nRoues IBIS S35 Alloy 29 pouces<br \/>\nFreins SHIMANO SLX 4 Pistons<br \/>\n\u2022 Angle de chasse\u00a065.5\u00b0<br \/>\n\u2022 44mm de d\u00e9port de fourche<br \/>\n\u2022 Angle de tube de selle relev\u00e9 \u00e0 76\u00b0<br \/>\n\u2022 Bo\u00eetier de p\u00e9dalier filet\u00e9<br \/>\n\u2022 Compatible ISCG 05<br \/>\n\u2022 Tunnels pour les c\u00e2bles moul\u00e9s dans le cadre<br \/>\n\u2022 Triangle avant compatible avec des bouteilles de 750 ml\u00a0sur toutes les tailles de cadre<br \/>\n\u2022 Tailles M \u00e0 XL compatibles avec des tiges de selle t\u00e9lescopiques de 175mm, taille S compatible avec 125-150mm<br \/>\n\u2022 Bagues IGUS dans la biellette inf\u00e9rieure, roulements dans la biellette sup\u00e9rieure<br \/>\n\u2022 Axe 148mm BOOST<br \/>\n\u2022 Amortisseur m\u00e9trique 190x45mm<br \/>\n\u2022 Taille maximum de disque 203mm<br \/>\n\u2022 Conception sp\u00e9cifique pour transmissions 1x<br \/>\n\u2022 Cadre garanti 7 ans &#8211; bagues garanties \u00e0 vie<br \/>\n\u2022 Disponible en S, M, L et XL<br \/>\n\u2022\u00a0<strong>Poids cadre avec amortisseur<\/strong>\u00a0: 3.4kg<br \/>\n\u2022\u00a0<strong>Poids du v\u00e9lo complet<\/strong>\u00a0: \u00e0 partir de 13.04kg<br \/>\n\u2022\u00a0<strong>Couleurs<\/strong> : Monolith Silver ( en stock ) &#8211; Pond Scum Green<\/p>\n<p>Tarif exceptionnel de<strong> 5499 Euros TTC complet ( 2999 Euros en kit Cadre )\u00a0 ,<\/strong> mont\u00e9 pr\u00eat \u00e0 rouler\u00a0 .<br \/>\nSetting suspensions inclus par RBI<\/p>\n","protected":false},"excerpt":{"rendered":"<ul>\n<li>Downcountry \/\/ AM\u00a0 29 pouces<\/li>\n<li>DW-LINK system<\/li>\n<li>Aluminium IBIS Haute Qualit\u00e9<\/li>\n<li>FOX<\/li>\n<li>Large<\/li>\n<\/ul>\n","protected":false},"featured_media":1027,"template":"","meta":[],"product_brand":[],"product_cat":[25,31],"product_tag":[],"class_list":{"0":"post-967","1":"product","2":"type-product","3":"status-publish","4":"has-post-thumbnail","6":"product_cat-en-stock","7":"product_cat-velo","9":"first","10":"instock","11":"shipping-taxable","12":"purchasable","13":"product-type-simple"},"yoast_head":"<!-- This site is optimized with the Yoast SEO plugin v27.6 - https:\/\/yoast.com\/product\/yoast-seo-wordpress\/ -->\n<title>IBIS RIPLEY AF SILVER 2022 - RunbikeImport<\/title>\n<meta name=\"robots\" content=\"index, follow, max-snippet:-1, max-image-preview:large, max-video-preview:-1\" \/>\n<link rel=\"canonical\" href=\"https:\/\/runbikeimport.com\/produit\/vtt-ibis-ripmo-2021-gx-af\" \/>\n<meta property=\"og:locale\" content=\"fr_FR\" \/>\n<meta property=\"og:type\" content=\"article\" \/>\n<meta property=\"og:title\" content=\"IBIS RIPLEY AF SILVER 2022 - RunbikeImport\" \/>\n<meta property=\"og:description\" content=\"Downcountry \/\/ AM\u00a0 29 pouces  DW-LINK system  Aluminium IBIS Haute Qualit\u00e9  FOX  Large\" \/>\n<meta property=\"og:url\" content=\"https:\/\/runbikeimport.com\/produit\/vtt-ibis-ripmo-2021-gx-af\" \/>\n<meta property=\"og:site_name\" content=\"RunbikeImport\" \/>\n<meta property=\"article:publisher\" content=\"https:\/\/www.facebook.com\/Runbikeimport\/\" \/>\n<meta property=\"article:modified_time\" content=\"2024-11-17T14:03:53+00:00\" \/>\n<meta property=\"og:image\" content=\"https:\/\/runbikeimport.com\/wp-content\/uploads\/DSC05144.jpg\" \/>\n\t<meta property=\"og:image:width\" content=\"1920\" \/>\n\t<meta property=\"og:image:height\" content=\"1080\" \/>\n\t<meta property=\"og:image:type\" content=\"image\/jpeg\" \/>\n<meta name=\"twitter:card\" content=\"summary_large_image\" \/>\n<meta name=\"twitter:label1\" content=\"Dur\u00e9e de lecture estim\u00e9e\" \/>\n\t<meta name=\"twitter:data1\" content=\"2 minutes\" \/>\n<script type=\"application\/ld+json\" class=\"yoast-schema-graph\">{\"@context\":\"https:\\\/\\\/schema.org\",\"@graph\":[{\"@type\":\"WebPage\",\"@id\":\"https:\\\/\\\/runbikeimport.com\\\/produit\\\/vtt-ibis-ripmo-2021-gx-af\",\"url\":\"https:\\\/\\\/runbikeimport.com\\\/produit\\\/vtt-ibis-ripmo-2021-gx-af\",\"name\":\"IBIS RIPLEY AF SILVER 2022 - RunbikeImport\",\"isPartOf\":{\"@id\":\"https:\\\/\\\/runbikeimport.com\\\/#website\"},\"primaryImageOfPage\":{\"@id\":\"https:\\\/\\\/runbikeimport.com\\\/produit\\\/vtt-ibis-ripmo-2021-gx-af#primaryimage\"},\"image\":{\"@id\":\"https:\\\/\\\/runbikeimport.com\\\/produit\\\/vtt-ibis-ripmo-2021-gx-af#primaryimage\"},\"thumbnailUrl\":\"https:\\\/\\\/runbikeimport.com\\\/wp-content\\\/uploads\\\/DSC05144.jpg\",\"datePublished\":\"2021-09-25T14:09:59+00:00\",\"dateModified\":\"2024-11-17T14:03:53+00:00\",\"breadcrumb\":{\"@id\":\"https:\\\/\\\/runbikeimport.com\\\/produit\\\/vtt-ibis-ripmo-2021-gx-af#breadcrumb\"},\"inLanguage\":\"fr-FR\",\"potentialAction\":[{\"@type\":\"ReadAction\",\"target\":[\"https:\\\/\\\/runbikeimport.com\\\/produit\\\/vtt-ibis-ripmo-2021-gx-af\"]}]},{\"@type\":\"ImageObject\",\"inLanguage\":\"fr-FR\",\"@id\":\"https:\\\/\\\/runbikeimport.com\\\/produit\\\/vtt-ibis-ripmo-2021-gx-af#primaryimage\",\"url\":\"https:\\\/\\\/runbikeimport.com\\\/wp-content\\\/uploads\\\/DSC05144.jpg\",\"contentUrl\":\"https:\\\/\\\/runbikeimport.com\\\/wp-content\\\/uploads\\\/DSC05144.jpg\",\"width\":1920,\"height\":1080},{\"@type\":\"BreadcrumbList\",\"@id\":\"https:\\\/\\\/runbikeimport.com\\\/produit\\\/vtt-ibis-ripmo-2021-gx-af#breadcrumb\",\"itemListElement\":[{\"@type\":\"ListItem\",\"position\":1,\"name\":\"Accueil\",\"item\":\"https:\\\/\\\/runbikeimport.com\\\/\"},{\"@type\":\"ListItem\",\"position\":2,\"name\":\"Boutique\",\"item\":\"https:\\\/\\\/runbikeimport.com\\\/?page_id=247\"},{\"@type\":\"ListItem\",\"position\":3,\"name\":\"IBIS RIPLEY AF SILVER 2022\"}]},{\"@type\":\"WebSite\",\"@id\":\"https:\\\/\\\/runbikeimport.com\\\/#website\",\"url\":\"https:\\\/\\\/runbikeimport.com\\\/\",\"name\":\"RunbikeImport\",\"description\":\"Bike &amp; Suspensions\",\"publisher\":{\"@id\":\"https:\\\/\\\/runbikeimport.com\\\/#organization\"},\"potentialAction\":[{\"@type\":\"SearchAction\",\"target\":{\"@type\":\"EntryPoint\",\"urlTemplate\":\"https:\\\/\\\/runbikeimport.com\\\/?s={search_term_string}\"},\"query-input\":{\"@type\":\"PropertyValueSpecification\",\"valueRequired\":true,\"valueName\":\"search_term_string\"}}],\"inLanguage\":\"fr-FR\"},{\"@type\":\"Organization\",\"@id\":\"https:\\\/\\\/runbikeimport.com\\\/#organization\",\"name\":\"RunBikeiMport\",\"url\":\"https:\\\/\\\/runbikeimport.com\\\/\",\"logo\":{\"@type\":\"ImageObject\",\"inLanguage\":\"fr-FR\",\"@id\":\"https:\\\/\\\/runbikeimport.com\\\/#\\\/schema\\\/logo\\\/image\\\/\",\"url\":\"https:\\\/\\\/runbikeimport.com\\\/wp-content\\\/uploads\\\/LOGO-RBI-RUN-BIKE-IMPORT300.jpg\",\"contentUrl\":\"https:\\\/\\\/runbikeimport.com\\\/wp-content\\\/uploads\\\/LOGO-RBI-RUN-BIKE-IMPORT300.jpg\",\"width\":300,\"height\":131,\"caption\":\"RunBikeiMport\"},\"image\":{\"@id\":\"https:\\\/\\\/runbikeimport.com\\\/#\\\/schema\\\/logo\\\/image\\\/\"},\"sameAs\":[\"https:\\\/\\\/www.facebook.com\\\/Runbikeimport\\\/\",\"https:\\\/\\\/www.instagram.com\\\/runbikeimport\\\/\"]}]}<\/script>\n<!-- \/ Yoast SEO plugin. -->","yoast_head_json":{"title":"IBIS RIPLEY AF SILVER 2022 - RunbikeImport","robots":{"index":"index","follow":"follow","max-snippet":"max-snippet:-1","max-image-preview":"max-image-preview:large","max-video-preview":"max-video-preview:-1"},"canonical":"https:\/\/runbikeimport.com\/produit\/vtt-ibis-ripmo-2021-gx-af","og_locale":"fr_FR","og_type":"article","og_title":"IBIS RIPLEY AF SILVER 2022 - RunbikeImport","og_description":"Downcountry \/\/ AM\u00a0 29 pouces  DW-LINK system  Aluminium IBIS Haute Qualit\u00e9  FOX  Large","og_url":"https:\/\/runbikeimport.com\/produit\/vtt-ibis-ripmo-2021-gx-af","og_site_name":"RunbikeImport","article_publisher":"https:\/\/www.facebook.com\/Runbikeimport\/","article_modified_time":"2024-11-17T14:03:53+00:00","og_image":[{"width":1920,"height":1080,"url":"https:\/\/runbikeimport.com\/wp-content\/uploads\/DSC05144.jpg","type":"image\/jpeg"}],"twitter_card":"summary_large_image","twitter_misc":{"Dur\u00e9e de lecture estim\u00e9e":"2 minutes"},"schema":{"@context":"https:\/\/schema.org","@graph":[{"@type":"WebPage","@id":"https:\/\/runbikeimport.com\/produit\/vtt-ibis-ripmo-2021-gx-af","url":"https:\/\/runbikeimport.com\/produit\/vtt-ibis-ripmo-2021-gx-af","name":"IBIS RIPLEY AF SILVER 2022 - RunbikeImport","isPartOf":{"@id":"https:\/\/runbikeimport.com\/#website"},"primaryImageOfPage":{"@id":"https:\/\/runbikeimport.com\/produit\/vtt-ibis-ripmo-2021-gx-af#primaryimage"},"image":{"@id":"https:\/\/runbikeimport.com\/produit\/vtt-ibis-ripmo-2021-gx-af#primaryimage"},"thumbnailUrl":"https:\/\/runbikeimport.com\/wp-content\/uploads\/DSC05144.jpg","datePublished":"2021-09-25T14:09:59+00:00","dateModified":"2024-11-17T14:03:53+00:00","breadcrumb":{"@id":"https:\/\/runbikeimport.com\/produit\/vtt-ibis-ripmo-2021-gx-af#breadcrumb"},"inLanguage":"fr-FR","potentialAction":[{"@type":"ReadAction","target":["https:\/\/runbikeimport.com\/produit\/vtt-ibis-ripmo-2021-gx-af"]}]},{"@type":"ImageObject","inLanguage":"fr-FR","@id":"https:\/\/runbikeimport.com\/produit\/vtt-ibis-ripmo-2021-gx-af#primaryimage","url":"https:\/\/runbikeimport.com\/wp-content\/uploads\/DSC05144.jpg","contentUrl":"https:\/\/runbikeimport.com\/wp-content\/uploads\/DSC05144.jpg","width":1920,"height":1080},{"@type":"BreadcrumbList","@id":"https:\/\/runbikeimport.com\/produit\/vtt-ibis-ripmo-2021-gx-af#breadcrumb","itemListElement":[{"@type":"ListItem","position":1,"name":"Accueil","item":"https:\/\/runbikeimport.com\/"},{"@type":"ListItem","position":2,"name":"Boutique","item":"https:\/\/runbikeimport.com\/?page_id=247"},{"@type":"ListItem","position":3,"name":"IBIS RIPLEY AF SILVER 2022"}]},{"@type":"WebSite","@id":"https:\/\/runbikeimport.com\/#website","url":"https:\/\/runbikeimport.com\/","name":"RunbikeImport","description":"Bike &amp; Suspensions","publisher":{"@id":"https:\/\/runbikeimport.com\/#organization"},"potentialAction":[{"@type":"SearchAction","target":{"@type":"EntryPoint","urlTemplate":"https:\/\/runbikeimport.com\/?s={search_term_string}"},"query-input":{"@type":"PropertyValueSpecification","valueRequired":true,"valueName":"search_term_string"}}],"inLanguage":"fr-FR"},{"@type":"Organization","@id":"https:\/\/runbikeimport.com\/#organization","name":"RunBikeiMport","url":"https:\/\/runbikeimport.com\/","logo":{"@type":"ImageObject","inLanguage":"fr-FR","@id":"https:\/\/runbikeimport.com\/#\/schema\/logo\/image\/","url":"https:\/\/runbikeimport.com\/wp-content\/uploads\/LOGO-RBI-RUN-BIKE-IMPORT300.jpg","contentUrl":"https:\/\/runbikeimport.com\/wp-content\/uploads\/LOGO-RBI-RUN-BIKE-IMPORT300.jpg","width":300,"height":131,"caption":"RunBikeiMport"},"image":{"@id":"https:\/\/runbikeimport.com\/#\/schema\/logo\/image\/"},"sameAs":["https:\/\/www.facebook.com\/Runbikeimport\/","https:\/\/www.instagram.com\/runbikeimport\/"]}]}},"_links":{"self":[{"href":"https:\/\/runbikeimport.com\/index.php?rest_route=\/wp\/v2\/product\/967","targetHints":{"allow":["GET"]}}],"collection":[{"href":"https:\/\/runbikeimport.com\/index.php?rest_route=\/wp\/v2\/product"}],"about":[{"href":"https:\/\/runbikeimport.com\/index.php?rest_route=\/wp\/v2\/types\/product"}],"wp:featuredmedia":[{"embeddable":true,"href":"https:\/\/runbikeimport.com\/index.php?rest_route=\/wp\/v2\/media\/1027"}],"wp:attachment":[{"href":"https:\/\/runbikeimport.com\/index.php?rest_route=%2Fwp%2Fv2%2Fmedia&parent=967"}],"wp:term":[{"taxonomy":"product_brand","embeddable":true,"href":"https:\/\/runbikeimport.com\/index.php?rest_route=%2Fwp%2Fv2%2Fproduct_brand&post=967"},{"taxonomy":"product_cat","embeddable":true,"href":"https:\/\/runbikeimport.com\/index.php?rest_route=%2Fwp%2Fv2%2Fproduct_cat&post=967"},{"taxonomy":"product_tag","embeddable":true,"href":"https:\/\/runbikeimport.com\/index.php?rest_route=%2Fwp%2Fv2%2Fproduct_tag&post=967"}],"curies":[{"name":"wp","href":"https:\/\/api.w.org\/{rel}","templated":true}]}}