{"id":973,"date":"2021-09-25T14:28:34","date_gmt":"2021-09-25T14:28:34","guid":{"rendered":"https:\/\/runbikeimport.com\/?post_type=product&#038;p=973"},"modified":"2024-11-17T14:02:08","modified_gmt":"2024-11-17T14:02:08","slug":"kit-cadre-ibis-ripmo-v2-carbone-2021","status":"publish","type":"product","link":"https:\/\/runbikeimport.com\/?product=kit-cadre-ibis-ripmo-v2-carbone-2021","title":{"rendered":"VTT YETI SB150 T1 XTR 2022 NOIR"},"content":{"rendered":"<p>Le L\u00e9gendaire SB150 en t\u00eate des EWS disponible en s\u00e9rie limit\u00e9e chez RBI<\/p>\n<p>&#8211; 29 Pouces Carbone boost 150mm Fibre Turq<br \/>\n&#8211; Switch-Infinity<br \/>\n&#8211; Sabot de protection carbone inclus<br \/>\n&#8211; Fourche EXT ERA V2 170mm<br \/>\n&#8211; Amortisseur EXT STORIA V3 230x60mm<br \/>\n&#8211; Roues DT350 \/\/EX 511\u00a0 ou XM1700 au choix<br \/>\n&#8211; FULL XTR 12V Transmission et freinage<br \/>\n&#8211; Protection Compl\u00e8te<strong> Ridewrap<\/strong><br \/>\n&#8211; Cadre Garantie \u00e0 vie<\/p>\n<p><strong>Tarifs :<\/strong><br \/>\nKit Cadre 4299 Euros<br \/>\nVTT COMPLET\u00a0 XTR\u00a0 8499 Euros TTC<br \/>\nPaiement en plusieurs fois possible<br \/>\n<strong>TAILLE LARGE\u00a0<\/strong><\/p>\n<p>&nbsp;<\/p>\n","protected":false},"excerpt":{"rendered":"<ul>\n<li>VTT SB150 2022 T1 Noir XTR<\/li>\n<li>29 Pouces BOOST 150mm<\/li>\n<li>EXT suspensions Optimis\u00e9es<\/li>\n<li>Kit cadre ou complet \u00e0 la carte<\/li>\n<\/ul>\n","protected":false},"featured_media":1036,"template":"","meta":[],"product_brand":[],"product_cat":[25,31],"product_tag":[],"class_list":{"0":"post-973","1":"product","2":"type-product","3":"status-publish","4":"has-post-thumbnail","6":"product_cat-en-stock","7":"product_cat-velo","9":"first","10":"instock","11":"sale","12":"shipping-taxable","13":"purchasable","14":"product-type-simple"},"yoast_head":"<!-- This site is optimized with the Yoast SEO plugin v27.6 - https:\/\/yoast.com\/product\/yoast-seo-wordpress\/ -->\n<title>VTT YETI SB150 T1 XTR 2022 NOIR - RunbikeImport<\/title>\n<meta name=\"robots\" content=\"index, follow, max-snippet:-1, max-image-preview:large, max-video-preview:-1\" \/>\n<link rel=\"canonical\" href=\"https:\/\/runbikeimport.com\/produit\/kit-cadre-ibis-ripmo-v2-carbone-2021\" \/>\n<meta property=\"og:locale\" content=\"fr_FR\" \/>\n<meta property=\"og:type\" content=\"article\" \/>\n<meta property=\"og:title\" content=\"VTT YETI SB150 T1 XTR 2022 NOIR - RunbikeImport\" \/>\n<meta property=\"og:description\" content=\"VTT SB150 2022 T1 Noir XTR  29 Pouces BOOST 150mm  EXT suspensions Optimis\u00e9es  Kit cadre ou complet \u00e0 la carte\" \/>\n<meta property=\"og:url\" content=\"https:\/\/runbikeimport.com\/produit\/kit-cadre-ibis-ripmo-v2-carbone-2021\" \/>\n<meta property=\"og:site_name\" content=\"RunbikeImport\" \/>\n<meta property=\"article:publisher\" content=\"https:\/\/www.facebook.com\/Runbikeimport\/\" \/>\n<meta property=\"article:modified_time\" content=\"2024-11-17T14:02:08+00:00\" \/>\n<meta property=\"og:image\" content=\"https:\/\/runbikeimport.com\/wp-content\/uploads\/img_8571-scaled-1.jpg\" \/>\n\t<meta property=\"og:image:width\" content=\"2560\" \/>\n\t<meta property=\"og:image:height\" content=\"1920\" \/>\n\t<meta property=\"og:image:type\" content=\"image\/jpeg\" \/>\n<meta name=\"twitter:card\" content=\"summary_large_image\" \/>\n<meta name=\"twitter:label1\" content=\"Dur\u00e9e de lecture estim\u00e9e\" \/>\n\t<meta name=\"twitter:data1\" content=\"1 minute\" \/>\n<script type=\"application\/ld+json\" class=\"yoast-schema-graph\">{\"@context\":\"https:\\\/\\\/schema.org\",\"@graph\":[{\"@type\":\"WebPage\",\"@id\":\"https:\\\/\\\/runbikeimport.com\\\/produit\\\/kit-cadre-ibis-ripmo-v2-carbone-2021\",\"url\":\"https:\\\/\\\/runbikeimport.com\\\/produit\\\/kit-cadre-ibis-ripmo-v2-carbone-2021\",\"name\":\"VTT YETI SB150 T1 XTR 2022 NOIR - RunbikeImport\",\"isPartOf\":{\"@id\":\"https:\\\/\\\/runbikeimport.com\\\/#website\"},\"primaryImageOfPage\":{\"@id\":\"https:\\\/\\\/runbikeimport.com\\\/produit\\\/kit-cadre-ibis-ripmo-v2-carbone-2021#primaryimage\"},\"image\":{\"@id\":\"https:\\\/\\\/runbikeimport.com\\\/produit\\\/kit-cadre-ibis-ripmo-v2-carbone-2021#primaryimage\"},\"thumbnailUrl\":\"https:\\\/\\\/runbikeimport.com\\\/wp-content\\\/uploads\\\/img_8571-scaled-1.jpg\",\"datePublished\":\"2021-09-25T14:28:34+00:00\",\"dateModified\":\"2024-11-17T14:02:08+00:00\",\"breadcrumb\":{\"@id\":\"https:\\\/\\\/runbikeimport.com\\\/produit\\\/kit-cadre-ibis-ripmo-v2-carbone-2021#breadcrumb\"},\"inLanguage\":\"fr-FR\",\"potentialAction\":[{\"@type\":\"ReadAction\",\"target\":[\"https:\\\/\\\/runbikeimport.com\\\/produit\\\/kit-cadre-ibis-ripmo-v2-carbone-2021\"]}]},{\"@type\":\"ImageObject\",\"inLanguage\":\"fr-FR\",\"@id\":\"https:\\\/\\\/runbikeimport.com\\\/produit\\\/kit-cadre-ibis-ripmo-v2-carbone-2021#primaryimage\",\"url\":\"https:\\\/\\\/runbikeimport.com\\\/wp-content\\\/uploads\\\/img_8571-scaled-1.jpg\",\"contentUrl\":\"https:\\\/\\\/runbikeimport.com\\\/wp-content\\\/uploads\\\/img_8571-scaled-1.jpg\",\"width\":2560,\"height\":1920},{\"@type\":\"BreadcrumbList\",\"@id\":\"https:\\\/\\\/runbikeimport.com\\\/produit\\\/kit-cadre-ibis-ripmo-v2-carbone-2021#breadcrumb\",\"itemListElement\":[{\"@type\":\"ListItem\",\"position\":1,\"name\":\"Accueil\",\"item\":\"https:\\\/\\\/runbikeimport.com\\\/\"},{\"@type\":\"ListItem\",\"position\":2,\"name\":\"Boutique\",\"item\":\"https:\\\/\\\/runbikeimport.com\\\/?page_id=247\"},{\"@type\":\"ListItem\",\"position\":3,\"name\":\"VTT YETI SB150 T1 XTR 2022 NOIR\"}]},{\"@type\":\"WebSite\",\"@id\":\"https:\\\/\\\/runbikeimport.com\\\/#website\",\"url\":\"https:\\\/\\\/runbikeimport.com\\\/\",\"name\":\"RunbikeImport\",\"description\":\"Bike &amp; Suspensions\",\"publisher\":{\"@id\":\"https:\\\/\\\/runbikeimport.com\\\/#organization\"},\"potentialAction\":[{\"@type\":\"SearchAction\",\"target\":{\"@type\":\"EntryPoint\",\"urlTemplate\":\"https:\\\/\\\/runbikeimport.com\\\/?s={search_term_string}\"},\"query-input\":{\"@type\":\"PropertyValueSpecification\",\"valueRequired\":true,\"valueName\":\"search_term_string\"}}],\"inLanguage\":\"fr-FR\"},{\"@type\":\"Organization\",\"@id\":\"https:\\\/\\\/runbikeimport.com\\\/#organization\",\"name\":\"RunBikeiMport\",\"url\":\"https:\\\/\\\/runbikeimport.com\\\/\",\"logo\":{\"@type\":\"ImageObject\",\"inLanguage\":\"fr-FR\",\"@id\":\"https:\\\/\\\/runbikeimport.com\\\/#\\\/schema\\\/logo\\\/image\\\/\",\"url\":\"https:\\\/\\\/runbikeimport.com\\\/wp-content\\\/uploads\\\/LOGO-RBI-RUN-BIKE-IMPORT300.jpg\",\"contentUrl\":\"https:\\\/\\\/runbikeimport.com\\\/wp-content\\\/uploads\\\/LOGO-RBI-RUN-BIKE-IMPORT300.jpg\",\"width\":300,\"height\":131,\"caption\":\"RunBikeiMport\"},\"image\":{\"@id\":\"https:\\\/\\\/runbikeimport.com\\\/#\\\/schema\\\/logo\\\/image\\\/\"},\"sameAs\":[\"https:\\\/\\\/www.facebook.com\\\/Runbikeimport\\\/\",\"https:\\\/\\\/www.instagram.com\\\/runbikeimport\\\/\"]}]}<\/script>\n<!-- \/ Yoast SEO plugin. -->","yoast_head_json":{"title":"VTT YETI SB150 T1 XTR 2022 NOIR - RunbikeImport","robots":{"index":"index","follow":"follow","max-snippet":"max-snippet:-1","max-image-preview":"max-image-preview:large","max-video-preview":"max-video-preview:-1"},"canonical":"https:\/\/runbikeimport.com\/produit\/kit-cadre-ibis-ripmo-v2-carbone-2021","og_locale":"fr_FR","og_type":"article","og_title":"VTT YETI SB150 T1 XTR 2022 NOIR - RunbikeImport","og_description":"VTT SB150 2022 T1 Noir XTR  29 Pouces BOOST 150mm  EXT suspensions Optimis\u00e9es  Kit cadre ou complet \u00e0 la carte","og_url":"https:\/\/runbikeimport.com\/produit\/kit-cadre-ibis-ripmo-v2-carbone-2021","og_site_name":"RunbikeImport","article_publisher":"https:\/\/www.facebook.com\/Runbikeimport\/","article_modified_time":"2024-11-17T14:02:08+00:00","og_image":[{"width":2560,"height":1920,"url":"https:\/\/runbikeimport.com\/wp-content\/uploads\/img_8571-scaled-1.jpg","type":"image\/jpeg"}],"twitter_card":"summary_large_image","twitter_misc":{"Dur\u00e9e de lecture estim\u00e9e":"1 minute"},"schema":{"@context":"https:\/\/schema.org","@graph":[{"@type":"WebPage","@id":"https:\/\/runbikeimport.com\/produit\/kit-cadre-ibis-ripmo-v2-carbone-2021","url":"https:\/\/runbikeimport.com\/produit\/kit-cadre-ibis-ripmo-v2-carbone-2021","name":"VTT YETI SB150 T1 XTR 2022 NOIR - RunbikeImport","isPartOf":{"@id":"https:\/\/runbikeimport.com\/#website"},"primaryImageOfPage":{"@id":"https:\/\/runbikeimport.com\/produit\/kit-cadre-ibis-ripmo-v2-carbone-2021#primaryimage"},"image":{"@id":"https:\/\/runbikeimport.com\/produit\/kit-cadre-ibis-ripmo-v2-carbone-2021#primaryimage"},"thumbnailUrl":"https:\/\/runbikeimport.com\/wp-content\/uploads\/img_8571-scaled-1.jpg","datePublished":"2021-09-25T14:28:34+00:00","dateModified":"2024-11-17T14:02:08+00:00","breadcrumb":{"@id":"https:\/\/runbikeimport.com\/produit\/kit-cadre-ibis-ripmo-v2-carbone-2021#breadcrumb"},"inLanguage":"fr-FR","potentialAction":[{"@type":"ReadAction","target":["https:\/\/runbikeimport.com\/produit\/kit-cadre-ibis-ripmo-v2-carbone-2021"]}]},{"@type":"ImageObject","inLanguage":"fr-FR","@id":"https:\/\/runbikeimport.com\/produit\/kit-cadre-ibis-ripmo-v2-carbone-2021#primaryimage","url":"https:\/\/runbikeimport.com\/wp-content\/uploads\/img_8571-scaled-1.jpg","contentUrl":"https:\/\/runbikeimport.com\/wp-content\/uploads\/img_8571-scaled-1.jpg","width":2560,"height":1920},{"@type":"BreadcrumbList","@id":"https:\/\/runbikeimport.com\/produit\/kit-cadre-ibis-ripmo-v2-carbone-2021#breadcrumb","itemListElement":[{"@type":"ListItem","position":1,"name":"Accueil","item":"https:\/\/runbikeimport.com\/"},{"@type":"ListItem","position":2,"name":"Boutique","item":"https:\/\/runbikeimport.com\/?page_id=247"},{"@type":"ListItem","position":3,"name":"VTT YETI SB150 T1 XTR 2022 NOIR"}]},{"@type":"WebSite","@id":"https:\/\/runbikeimport.com\/#website","url":"https:\/\/runbikeimport.com\/","name":"RunbikeImport","description":"Bike &amp; Suspensions","publisher":{"@id":"https:\/\/runbikeimport.com\/#organization"},"potentialAction":[{"@type":"SearchAction","target":{"@type":"EntryPoint","urlTemplate":"https:\/\/runbikeimport.com\/?s={search_term_string}"},"query-input":{"@type":"PropertyValueSpecification","valueRequired":true,"valueName":"search_term_string"}}],"inLanguage":"fr-FR"},{"@type":"Organization","@id":"https:\/\/runbikeimport.com\/#organization","name":"RunBikeiMport","url":"https:\/\/runbikeimport.com\/","logo":{"@type":"ImageObject","inLanguage":"fr-FR","@id":"https:\/\/runbikeimport.com\/#\/schema\/logo\/image\/","url":"https:\/\/runbikeimport.com\/wp-content\/uploads\/LOGO-RBI-RUN-BIKE-IMPORT300.jpg","contentUrl":"https:\/\/runbikeimport.com\/wp-content\/uploads\/LOGO-RBI-RUN-BIKE-IMPORT300.jpg","width":300,"height":131,"caption":"RunBikeiMport"},"image":{"@id":"https:\/\/runbikeimport.com\/#\/schema\/logo\/image\/"},"sameAs":["https:\/\/www.facebook.com\/Runbikeimport\/","https:\/\/www.instagram.com\/runbikeimport\/"]}]}},"_links":{"self":[{"href":"https:\/\/runbikeimport.com\/index.php?rest_route=\/wp\/v2\/product\/973","targetHints":{"allow":["GET"]}}],"collection":[{"href":"https:\/\/runbikeimport.com\/index.php?rest_route=\/wp\/v2\/product"}],"about":[{"href":"https:\/\/runbikeimport.com\/index.php?rest_route=\/wp\/v2\/types\/product"}],"wp:featuredmedia":[{"embeddable":true,"href":"https:\/\/runbikeimport.com\/index.php?rest_route=\/wp\/v2\/media\/1036"}],"wp:attachment":[{"href":"https:\/\/runbikeimport.com\/index.php?rest_route=%2Fwp%2Fv2%2Fmedia&parent=973"}],"wp:term":[{"taxonomy":"product_brand","embeddable":true,"href":"https:\/\/runbikeimport.com\/index.php?rest_route=%2Fwp%2Fv2%2Fproduct_brand&post=973"},{"taxonomy":"product_cat","embeddable":true,"href":"https:\/\/runbikeimport.com\/index.php?rest_route=%2Fwp%2Fv2%2Fproduct_cat&post=973"},{"taxonomy":"product_tag","embeddable":true,"href":"https:\/\/runbikeimport.com\/index.php?rest_route=%2Fwp%2Fv2%2Fproduct_tag&post=973"}],"curies":[{"name":"wp","href":"https:\/\/api.w.org\/{rel}","templated":true}]}}