{"id":985,"date":"2021-09-25T14:44:09","date_gmt":"2021-09-25T14:44:09","guid":{"rendered":"https:\/\/runbikeimport.com\/?post_type=product&#038;p=985"},"modified":"2024-11-17T14:01:54","modified_gmt":"2024-11-17T14:01:54","slug":"amortisseur-float-fox-x2-air","status":"publish","type":"product","link":"https:\/\/runbikeimport.com\/?product=amortisseur-float-fox-x2-air","title":{"rendered":"Amortisseur FLOAT FOX X2 AIR"},"content":{"rendered":"<ul>\n<li><strong>205&#215;65<\/strong> (62.5\/60mm\/57.5mm possible ) Trunnion FACTORY 2021\u00a0 \u00a0 \u00a0 \u00a0 \u00a0 \u00a0 \u00a0 \u00a0 \u00a0899 Euros\u00a0 \u00a02021<\/li>\n<li><strong>230&#215;65<\/strong> (62.5\/60mm\/57.5mm\u00a0 possible )FACTORY 2021\u00a0 \u00a0 \u00a0 \u00a0 \u00a0 \u00a0 \u00a0 \u00a0 \u00a0 \u00a0 \u00a0 \u00a0 \u00a0 \u00a0 \u00a0 \u00a0 \u00a0 \u00a0 \u00a0 859 Euros\u00a0 \u00a02021<\/li>\n<li><strong>210&#215;55<\/strong> ( 52.5\/50mm possible ) Performance E-bike \u00a0 \/\/<strong>mod\u00e8le 2020<\/strong>\/\/\u00a0 \u00a0 \u00a0 \u00a0559 Euros\u00a0 \u00a0 2020\u00a0 \u00a0 \u00a0 \u00a0 \u00a0 \u00a0 \u00a0 \u00a0 \u00a0<strong>\u00a0<\/strong><\/li>\n<li><strong>230&#215;65<\/strong> (62.5\/60mm\/57.5mm possible )\u00a0 PERFORMANCE 2021\u00a0 \u00a0 \u00a0 \u00a0 \u00a0 \u00a0 \u00a0 \u00a0 \u00a0 \u00a0 \u00a0 \u00a0599 Euros\u00a0 \u00a0 \u00a0 2021<\/li>\n<\/ul>\n","protected":false},"excerpt":{"rendered":"<ul>\n<li>Divers Amortisseur FOX X2 FLOAT Factory et Performance 2020-2021<\/li>\n<li>Voir les d\u00e9tails et tarifs<\/li>\n<li>La r\u00e9f\u00e9rence enduro\/DH \u00e0 AIR<\/li>\n<\/ul>\n","protected":false},"featured_media":987,"template":"","meta":[],"product_brand":[],"product_cat":[30,25],"product_tag":[],"class_list":{"0":"post-985","1":"product","2":"type-product","3":"status-publish","4":"has-post-thumbnail","6":"product_cat-amortisseur","7":"product_cat-en-stock","9":"first","10":"instock","11":"sale","12":"shipping-taxable","13":"purchasable","14":"product-type-simple"},"yoast_head":"<!-- This site is optimized with the Yoast SEO plugin v27.6 - https:\/\/yoast.com\/product\/yoast-seo-wordpress\/ -->\n<title>Amortisseur FLOAT FOX X2 AIR - RunbikeImport<\/title>\n<meta name=\"robots\" content=\"index, follow, max-snippet:-1, max-image-preview:large, max-video-preview:-1\" \/>\n<link rel=\"canonical\" href=\"https:\/\/runbikeimport.com\/produit\/amortisseur-float-fox-x2-air\" \/>\n<meta property=\"og:locale\" content=\"fr_FR\" \/>\n<meta property=\"og:type\" content=\"article\" \/>\n<meta property=\"og:title\" content=\"Amortisseur FLOAT FOX X2 AIR - RunbikeImport\" \/>\n<meta property=\"og:description\" content=\"Divers Amortisseur FOX X2 FLOAT Factory et Performance 2020-2021  Voir les d\u00e9tails et tarifs  La r\u00e9f\u00e9rence enduro\/DH \u00e0 AIR\" \/>\n<meta property=\"og:url\" content=\"https:\/\/runbikeimport.com\/produit\/amortisseur-float-fox-x2-air\" \/>\n<meta property=\"og:site_name\" content=\"RunbikeImport\" \/>\n<meta property=\"article:publisher\" content=\"https:\/\/www.facebook.com\/Runbikeimport\/\" \/>\n<meta property=\"article:modified_time\" content=\"2024-11-17T14:01:54+00:00\" \/>\n<meta property=\"og:image\" content=\"https:\/\/runbikeimport.com\/wp-content\/uploads\/2021-Fox-Float-X2_RP-6943.jpg\" \/>\n\t<meta property=\"og:image:width\" content=\"1920\" \/>\n\t<meta property=\"og:image:height\" content=\"1080\" \/>\n\t<meta property=\"og:image:type\" content=\"image\/jpeg\" \/>\n<meta name=\"twitter:card\" content=\"summary_large_image\" \/>\n<meta name=\"twitter:label1\" content=\"Dur\u00e9e de lecture estim\u00e9e\" \/>\n\t<meta name=\"twitter:data1\" content=\"1 minute\" \/>\n<script type=\"application\/ld+json\" class=\"yoast-schema-graph\">{\"@context\":\"https:\\\/\\\/schema.org\",\"@graph\":[{\"@type\":\"WebPage\",\"@id\":\"https:\\\/\\\/runbikeimport.com\\\/produit\\\/amortisseur-float-fox-x2-air\",\"url\":\"https:\\\/\\\/runbikeimport.com\\\/produit\\\/amortisseur-float-fox-x2-air\",\"name\":\"Amortisseur FLOAT FOX X2 AIR - RunbikeImport\",\"isPartOf\":{\"@id\":\"https:\\\/\\\/runbikeimport.com\\\/#website\"},\"primaryImageOfPage\":{\"@id\":\"https:\\\/\\\/runbikeimport.com\\\/produit\\\/amortisseur-float-fox-x2-air#primaryimage\"},\"image\":{\"@id\":\"https:\\\/\\\/runbikeimport.com\\\/produit\\\/amortisseur-float-fox-x2-air#primaryimage\"},\"thumbnailUrl\":\"https:\\\/\\\/runbikeimport.com\\\/wp-content\\\/uploads\\\/2021-Fox-Float-X2_RP-6943.jpg\",\"datePublished\":\"2021-09-25T14:44:09+00:00\",\"dateModified\":\"2024-11-17T14:01:54+00:00\",\"breadcrumb\":{\"@id\":\"https:\\\/\\\/runbikeimport.com\\\/produit\\\/amortisseur-float-fox-x2-air#breadcrumb\"},\"inLanguage\":\"fr-FR\",\"potentialAction\":[{\"@type\":\"ReadAction\",\"target\":[\"https:\\\/\\\/runbikeimport.com\\\/produit\\\/amortisseur-float-fox-x2-air\"]}]},{\"@type\":\"ImageObject\",\"inLanguage\":\"fr-FR\",\"@id\":\"https:\\\/\\\/runbikeimport.com\\\/produit\\\/amortisseur-float-fox-x2-air#primaryimage\",\"url\":\"https:\\\/\\\/runbikeimport.com\\\/wp-content\\\/uploads\\\/2021-Fox-Float-X2_RP-6943.jpg\",\"contentUrl\":\"https:\\\/\\\/runbikeimport.com\\\/wp-content\\\/uploads\\\/2021-Fox-Float-X2_RP-6943.jpg\",\"width\":1920,\"height\":1080},{\"@type\":\"BreadcrumbList\",\"@id\":\"https:\\\/\\\/runbikeimport.com\\\/produit\\\/amortisseur-float-fox-x2-air#breadcrumb\",\"itemListElement\":[{\"@type\":\"ListItem\",\"position\":1,\"name\":\"Accueil\",\"item\":\"https:\\\/\\\/runbikeimport.com\\\/\"},{\"@type\":\"ListItem\",\"position\":2,\"name\":\"Boutique\",\"item\":\"https:\\\/\\\/runbikeimport.com\\\/?page_id=247\"},{\"@type\":\"ListItem\",\"position\":3,\"name\":\"Amortisseur FLOAT FOX X2 AIR\"}]},{\"@type\":\"WebSite\",\"@id\":\"https:\\\/\\\/runbikeimport.com\\\/#website\",\"url\":\"https:\\\/\\\/runbikeimport.com\\\/\",\"name\":\"RunbikeImport\",\"description\":\"Bike &amp; Suspensions\",\"publisher\":{\"@id\":\"https:\\\/\\\/runbikeimport.com\\\/#organization\"},\"potentialAction\":[{\"@type\":\"SearchAction\",\"target\":{\"@type\":\"EntryPoint\",\"urlTemplate\":\"https:\\\/\\\/runbikeimport.com\\\/?s={search_term_string}\"},\"query-input\":{\"@type\":\"PropertyValueSpecification\",\"valueRequired\":true,\"valueName\":\"search_term_string\"}}],\"inLanguage\":\"fr-FR\"},{\"@type\":\"Organization\",\"@id\":\"https:\\\/\\\/runbikeimport.com\\\/#organization\",\"name\":\"RunBikeiMport\",\"url\":\"https:\\\/\\\/runbikeimport.com\\\/\",\"logo\":{\"@type\":\"ImageObject\",\"inLanguage\":\"fr-FR\",\"@id\":\"https:\\\/\\\/runbikeimport.com\\\/#\\\/schema\\\/logo\\\/image\\\/\",\"url\":\"https:\\\/\\\/runbikeimport.com\\\/wp-content\\\/uploads\\\/LOGO-RBI-RUN-BIKE-IMPORT300.jpg\",\"contentUrl\":\"https:\\\/\\\/runbikeimport.com\\\/wp-content\\\/uploads\\\/LOGO-RBI-RUN-BIKE-IMPORT300.jpg\",\"width\":300,\"height\":131,\"caption\":\"RunBikeiMport\"},\"image\":{\"@id\":\"https:\\\/\\\/runbikeimport.com\\\/#\\\/schema\\\/logo\\\/image\\\/\"},\"sameAs\":[\"https:\\\/\\\/www.facebook.com\\\/Runbikeimport\\\/\",\"https:\\\/\\\/www.instagram.com\\\/runbikeimport\\\/\"]}]}<\/script>\n<!-- \/ Yoast SEO plugin. -->","yoast_head_json":{"title":"Amortisseur FLOAT FOX X2 AIR - RunbikeImport","robots":{"index":"index","follow":"follow","max-snippet":"max-snippet:-1","max-image-preview":"max-image-preview:large","max-video-preview":"max-video-preview:-1"},"canonical":"https:\/\/runbikeimport.com\/produit\/amortisseur-float-fox-x2-air","og_locale":"fr_FR","og_type":"article","og_title":"Amortisseur FLOAT FOX X2 AIR - RunbikeImport","og_description":"Divers Amortisseur FOX X2 FLOAT Factory et Performance 2020-2021  Voir les d\u00e9tails et tarifs  La r\u00e9f\u00e9rence enduro\/DH \u00e0 AIR","og_url":"https:\/\/runbikeimport.com\/produit\/amortisseur-float-fox-x2-air","og_site_name":"RunbikeImport","article_publisher":"https:\/\/www.facebook.com\/Runbikeimport\/","article_modified_time":"2024-11-17T14:01:54+00:00","og_image":[{"width":1920,"height":1080,"url":"https:\/\/runbikeimport.com\/wp-content\/uploads\/2021-Fox-Float-X2_RP-6943.jpg","type":"image\/jpeg"}],"twitter_card":"summary_large_image","twitter_misc":{"Dur\u00e9e de lecture estim\u00e9e":"1 minute"},"schema":{"@context":"https:\/\/schema.org","@graph":[{"@type":"WebPage","@id":"https:\/\/runbikeimport.com\/produit\/amortisseur-float-fox-x2-air","url":"https:\/\/runbikeimport.com\/produit\/amortisseur-float-fox-x2-air","name":"Amortisseur FLOAT FOX X2 AIR - RunbikeImport","isPartOf":{"@id":"https:\/\/runbikeimport.com\/#website"},"primaryImageOfPage":{"@id":"https:\/\/runbikeimport.com\/produit\/amortisseur-float-fox-x2-air#primaryimage"},"image":{"@id":"https:\/\/runbikeimport.com\/produit\/amortisseur-float-fox-x2-air#primaryimage"},"thumbnailUrl":"https:\/\/runbikeimport.com\/wp-content\/uploads\/2021-Fox-Float-X2_RP-6943.jpg","datePublished":"2021-09-25T14:44:09+00:00","dateModified":"2024-11-17T14:01:54+00:00","breadcrumb":{"@id":"https:\/\/runbikeimport.com\/produit\/amortisseur-float-fox-x2-air#breadcrumb"},"inLanguage":"fr-FR","potentialAction":[{"@type":"ReadAction","target":["https:\/\/runbikeimport.com\/produit\/amortisseur-float-fox-x2-air"]}]},{"@type":"ImageObject","inLanguage":"fr-FR","@id":"https:\/\/runbikeimport.com\/produit\/amortisseur-float-fox-x2-air#primaryimage","url":"https:\/\/runbikeimport.com\/wp-content\/uploads\/2021-Fox-Float-X2_RP-6943.jpg","contentUrl":"https:\/\/runbikeimport.com\/wp-content\/uploads\/2021-Fox-Float-X2_RP-6943.jpg","width":1920,"height":1080},{"@type":"BreadcrumbList","@id":"https:\/\/runbikeimport.com\/produit\/amortisseur-float-fox-x2-air#breadcrumb","itemListElement":[{"@type":"ListItem","position":1,"name":"Accueil","item":"https:\/\/runbikeimport.com\/"},{"@type":"ListItem","position":2,"name":"Boutique","item":"https:\/\/runbikeimport.com\/?page_id=247"},{"@type":"ListItem","position":3,"name":"Amortisseur FLOAT FOX X2 AIR"}]},{"@type":"WebSite","@id":"https:\/\/runbikeimport.com\/#website","url":"https:\/\/runbikeimport.com\/","name":"RunbikeImport","description":"Bike &amp; Suspensions","publisher":{"@id":"https:\/\/runbikeimport.com\/#organization"},"potentialAction":[{"@type":"SearchAction","target":{"@type":"EntryPoint","urlTemplate":"https:\/\/runbikeimport.com\/?s={search_term_string}"},"query-input":{"@type":"PropertyValueSpecification","valueRequired":true,"valueName":"search_term_string"}}],"inLanguage":"fr-FR"},{"@type":"Organization","@id":"https:\/\/runbikeimport.com\/#organization","name":"RunBikeiMport","url":"https:\/\/runbikeimport.com\/","logo":{"@type":"ImageObject","inLanguage":"fr-FR","@id":"https:\/\/runbikeimport.com\/#\/schema\/logo\/image\/","url":"https:\/\/runbikeimport.com\/wp-content\/uploads\/LOGO-RBI-RUN-BIKE-IMPORT300.jpg","contentUrl":"https:\/\/runbikeimport.com\/wp-content\/uploads\/LOGO-RBI-RUN-BIKE-IMPORT300.jpg","width":300,"height":131,"caption":"RunBikeiMport"},"image":{"@id":"https:\/\/runbikeimport.com\/#\/schema\/logo\/image\/"},"sameAs":["https:\/\/www.facebook.com\/Runbikeimport\/","https:\/\/www.instagram.com\/runbikeimport\/"]}]}},"_links":{"self":[{"href":"https:\/\/runbikeimport.com\/index.php?rest_route=\/wp\/v2\/product\/985","targetHints":{"allow":["GET"]}}],"collection":[{"href":"https:\/\/runbikeimport.com\/index.php?rest_route=\/wp\/v2\/product"}],"about":[{"href":"https:\/\/runbikeimport.com\/index.php?rest_route=\/wp\/v2\/types\/product"}],"wp:featuredmedia":[{"embeddable":true,"href":"https:\/\/runbikeimport.com\/index.php?rest_route=\/wp\/v2\/media\/987"}],"wp:attachment":[{"href":"https:\/\/runbikeimport.com\/index.php?rest_route=%2Fwp%2Fv2%2Fmedia&parent=985"}],"wp:term":[{"taxonomy":"product_brand","embeddable":true,"href":"https:\/\/runbikeimport.com\/index.php?rest_route=%2Fwp%2Fv2%2Fproduct_brand&post=985"},{"taxonomy":"product_cat","embeddable":true,"href":"https:\/\/runbikeimport.com\/index.php?rest_route=%2Fwp%2Fv2%2Fproduct_cat&post=985"},{"taxonomy":"product_tag","embeddable":true,"href":"https:\/\/runbikeimport.com\/index.php?rest_route=%2Fwp%2Fv2%2Fproduct_tag&post=985"}],"curies":[{"name":"wp","href":"https:\/\/api.w.org\/{rel}","templated":true}]}}